{"id":731,"date":"2024-10-22T07:45:32","date_gmt":"2024-10-22T07:45:32","guid":{"rendered":"https:\/\/plotplan.es\/politica-de-cookies\/"},"modified":"2024-11-22T12:04:52","modified_gmt":"2024-11-22T12:04:52","slug":"politica-de-cookie","status":"publish","type":"page","link":"https:\/\/plotplan.es\/ro\/politica-de-cookie\/","title":{"rendered":"Politica de cookie"},"content":{"rendered":"<p>[et_pb_section fb_built=&#8221;1&#8243; _builder_version=&#8221;4.27.0&#8243; _module_preset=&#8221;default&#8221; global_colors_info=&#8221;{}&#8221;][et_pb_row _builder_version=&#8221;4.27.0&#8243; _module_preset=&#8221;default&#8221; global_colors_info=&#8221;{}&#8221;][et_pb_column type=&#8221;4_4&#8243; _builder_version=&#8221;4.27.0&#8243; _module_preset=&#8221;default&#8221; global_colors_info=&#8221;{}&#8221;][et_pb_text _builder_version=&#8221;4.27.0&#8243; _module_preset=&#8221;default&#8221; text_font=&#8221;Century Gothic||||||||&#8221; hover_enabled=&#8221;0&#8243; global_colors_info=&#8221;{}&#8221; sticky_enabled=&#8221;0&#8243;]<\/p>\n<p class=\"p1\"><b>POLITICA DE COOKIE<\/b><\/p>\n<p class=\"p2\"><span class=\"s1\"><a href=\"https:\/\/plotplan.es\/ro\/\"><b>https:\/\/plotplan.es\/<\/b><\/a><\/span><\/p>\n<p class=\"p3\">Accesul la acest site poate implica utilizarea de cookie-uri. Cookie-urile sunt cantit\u0103\u021bi mici de informa\u021bii care sunt stocate \u00een browserul utilizat de fiecare utilizator \u2014 pe diferitele dispozitive pe care le poate folosi pentru a naviga \u2014 pentru ca serverul s\u0103 \u00ee\u0219i aminteasc\u0103 anumite informa\u021bii care ulterior \u0219i doar serverul care le-a implementat le va citi. Cookie-urile faciliteaz\u0103 navigarea, o fac mai prietenoas\u0103 \u0219i nu d\u0103uneaz\u0103 dispozitivului de navigare.<\/p>\n<p class=\"p3\">Cookie-urile sunt proceduri automate de colectare a informa\u021biilor referitoare la preferin\u021bele stabilite de utilizator \u00een timpul vizitei pe site, pentru a-l recunoa\u0219te ca utilizator \u0219i a personaliza experien\u021ba \u0219i utilizarea site-ului, \u0219i pot ajuta de asemenea, de exemplu, la identificarea \u0219i rezolvarea erorilor.<\/p>\n<p class=\"p3\">Informa\u021biile colectate prin cookie-uri pot include data \u0219i ora vizitei pe site, paginile vizualizate, timpul petrecut pe site \u0219i site-urile vizitate imediat \u00eenainte \u0219i dup\u0103 vizita. Totu\u0219i, niciun cookie nu permite ca acesta s\u0103 poat\u0103 contacta num\u0103rul de telefon al utilizatorului sau orice alt mijloc de contact personal. Niciun cookie nu poate extrage informa\u021bii din hard disk-ul utilizatorului sau s\u0103 fure informa\u021bii personale. Singura modalitate prin care informa\u021biile private ale utilizatorului pot face parte din fi\u0219ierul cookie este ca utilizatorul s\u0103 furnizeze personal acele informa\u021bii serverului.<\/p>\n<p class=\"p3\">Cookie-urile care permit identificarea unei persoane sunt considerate date personale. Prin urmare, acestea vor fi supuse Politicii de Confiden\u021bialitate descrise anterior. \u00cen acest sens, utilizarea acestora va necesita consim\u021b\u0103m\u00e2ntul utilizatorului. Acest consim\u021b\u0103m\u00e2nt va fi comunicat, pe baza unei alegeri autentice, oferit printr-o decizie afirmativ\u0103 \u0219i pozitiv\u0103, \u00eenainte de tratamentul ini\u021bial, revocabil \u0219i documentat.<\/p>\n<p class=\"p3\"><b>Cookie-uri proprii<\/b><\/p>\n<p class=\"p3\">Sunt acele cookie-uri care sunt trimise pe computerul sau dispozitivul utilizatorului \u0219i gestionate exclusiv de <a href=\"https:\/\/plotplan.es\/ro\/\"><span class=\"s2\">https:\/\/plotplan.es\/<\/span><\/a> pentru o func\u021bionare mai bun\u0103 a site-ului. Informa\u021biile colectate sunt utilizate pentru a \u00eembun\u0103t\u0103\u021bi calitatea site-ului \u0219i a con\u021binutului s\u0103u \u0219i experien\u021ba utilizatorului. Aceste cookie-uri permit recunoa\u0219terea utilizatorului ca vizitator recurent al site-ului \u0219i adaptarea con\u021binutului pentru a-i oferi con\u021binut care se potrive\u0219te preferin\u021belor sale.<\/p>\n<p class=\"p3\"><b>Cookie-uri de re\u021bele sociale<\/b><\/p>\n<p class=\"p3\"><span class=\"s2\"><a href=\"https:\/\/plotplan.es\/ro\/\">https:\/\/plotplan.es\/<\/a><\/span> \u00eencorporeaz\u0103 pluginuri de re\u021bele sociale, care permit accesul la acestea direct din site. Din acest motiv, cookie-urile de re\u021bele sociale pot fi stocate \u00een browserul utilizatorului. Titularii acestor re\u021bele sociale au propriile politici de protec\u021bie a datelor \u0219i de cookie-uri, fiind ei \u00een\u0219i\u0219i, \u00een fiecare caz, responsabili pentru fi\u0219ierele lor \u0219i pentru propriile practici de confiden\u021bialitate. Utilizatorul trebuie s\u0103 se refere la acestea pentru a se informa despre aceste cookie-uri \u0219i, dac\u0103 este cazul, despre prelucrarea datelor sale personale. Doar pentru informare, mai jos sunt indicate linkurile unde pot fi consultate aceste politici de confiden\u021bialitate \u0219i\/sau de cookie-uri:<\/p>\n<ul class=\"ul1\">\n<li class=\"li2\"><span class=\"s3\"><\/span><span class=\"s4\">Instagram: <a href=\"https:\/\/help.instagram.com\/1896641480634370?ref=ig\"><span class=\"s2\">https:\/\/help.instagram.com\/1896641480634370?ref=ig<\/span><\/a><\/span><\/li>\n<li class=\"li2\"><span class=\"s3\"><\/span><span class=\"s4\">LinkedIn: <a href=\"https:\/\/www.linkedin.com\/legal\/cookie-policy?trk=hp-cookies\"><span class=\"s2\">https:\/\/www.linkedin.com\/legal\/cookie-policy?trk=hp-cookies<\/span><\/a><\/span><\/li>\n<\/ul>\n<p class=\"p4\"><b><\/b><\/p>\n<p class=\"p3\"><b>Dezactivarea, respingerea \u0219i \u0219tergerea cookie-urilor<\/b><\/p>\n<p class=\"p3\">Utilizatorul poate dezactiva, respinge \u0219i \u0219terge cookie-urile \u2014 total sau par\u021bial \u2014 instalate pe dispozitivul s\u0103u prin configurarea browserului s\u0103u (printre care se num\u0103r\u0103, de exemplu, Chrome, Firefox, Safari, Explorer). \u00cen acest sens, procedurile de respingere \u0219i \u0219tergere a cookie-urilor pot diferi de la un browser de internet la altul. Prin urmare, utilizatorul trebuie s\u0103 consulte instruc\u021biunile oferite de browserul de internet pe care \u00eel utilizeaz\u0103. \u00cen cazul \u00een care respinge utilizarea cookie-urilor \u2014 total sau par\u021bial \u2014 va putea continua s\u0103 utilizeze site-ul web, dar va putea avea func\u021bionalit\u0103\u021bi limitate ale acestuia.<\/p>\n<p>[\/et_pb_text][\/et_pb_column][\/et_pb_row][\/et_pb_section]<\/p>\n","protected":false},"excerpt":{"rendered":"<p>POLITICA DE COOKIE https:\/\/plotplan.es\/ Accesul la acest site poate implica utilizarea de cookie-uri. Cookie-urile sunt cantit\u0103\u021bi mici de informa\u021bii care sunt stocate \u00een browserul utilizat de fiecare utilizator \u2014 pe diferitele dispozitive pe care le poate folosi pentru a naviga \u2014 pentru ca serverul s\u0103 \u00ee\u0219i aminteasc\u0103 anumite informa\u021bii care ulterior \u0219i doar serverul care [&hellip;]<\/p>\n","protected":false},"author":1,"featured_media":0,"parent":0,"menu_order":0,"comment_status":"closed","ping_status":"closed","template":"","meta":{"_et_pb_use_builder":"on","_et_pb_old_content":"<!-- wp:heading -->\n<h2 class=\"wp-block-heading\">Who we are<\/h2>\n<!-- \/wp:heading -->\n<!-- wp:paragraph -->\n<p><strong class=\"privacy-policy-tutorial\">Suggested text: <\/strong>Our website address is: http:\/\/plotplan.es.<\/p>\n<!-- \/wp:paragraph -->\n<!-- wp:heading -->\n<h2 class=\"wp-block-heading\">Comments<\/h2>\n<!-- \/wp:heading -->\n<!-- wp:paragraph -->\n<p><strong class=\"privacy-policy-tutorial\">Suggested text: <\/strong>When visitors leave comments on the site we collect the data shown in the comments form, and also the visitor&#8217;s IP address and browser user agent string to help spam detection.<\/p>\n<!-- \/wp:paragraph -->\n<!-- wp:paragraph -->\n<p>An anonymized string created from your email address (also called a hash) may be provided to the Gravatar service to see if you are using it. The Gravatar service privacy policy is available here: https:\/\/automattic.com\/privacy\/. After approval of your comment, your profile picture is visible to the public in the context of your comment.<\/p>\n<!-- \/wp:paragraph -->\n<!-- wp:heading -->\n<h2 class=\"wp-block-heading\">Media<\/h2>\n<!-- \/wp:heading -->\n<!-- wp:paragraph -->\n<p><strong class=\"privacy-policy-tutorial\">Suggested text: <\/strong>If you upload images to the website, you should avoid uploading images with embedded location data (EXIF GPS) included. Visitors to the website can download and extract any location data from images on the website.<\/p>\n<!-- \/wp:paragraph -->\n<!-- wp:heading -->\n<h2 class=\"wp-block-heading\">Cookies<\/h2>\n<!-- \/wp:heading -->\n<!-- wp:paragraph -->\n<p><strong class=\"privacy-policy-tutorial\">Suggested text: <\/strong>If you leave a comment on our site you may opt-in to saving your name, email address and website in cookies. These are for your convenience so that you do not have to fill in your details again when you leave another comment. These cookies will last for one year.<\/p>\n<!-- \/wp:paragraph -->\n<!-- wp:paragraph -->\n<p>If you visit our login page, we will set a temporary cookie to determine if your browser accepts cookies. This cookie contains no personal data and is discarded when you close your browser.<\/p>\n<!-- \/wp:paragraph -->\n<!-- wp:paragraph -->\n<p>When you log in, we will also set up several cookies to save your login information and your screen display choices. Login cookies last for two days, and screen options cookies last for a year. If you select &quot;Remember Me&quot;, your login will persist for two weeks. If you log out of your account, the login cookies will be removed.<\/p>\n<!-- \/wp:paragraph -->\n<!-- wp:paragraph -->\n<p>If you edit or publish an article, an additional cookie will be saved in your browser. This cookie includes no personal data and simply indicates the post ID of the article you just edited. It expires after 1 day.<\/p>\n<!-- \/wp:paragraph -->\n<!-- wp:heading -->\n<h2 class=\"wp-block-heading\">Embedded content from other websites<\/h2>\n<!-- \/wp:heading -->\n<!-- wp:paragraph -->\n<p><strong class=\"privacy-policy-tutorial\">Suggested text: <\/strong>Articles on this site may include embedded content (e.g. videos, images, articles, etc.). Embedded content from other websites behaves in the exact same way as if the visitor has visited the other website.<\/p>\n<!-- \/wp:paragraph -->\n<!-- wp:paragraph -->\n<p>These websites may collect data about you, use cookies, embed additional third-party tracking, and monitor your interaction with that embedded content, including tracking your interaction with the embedded content if you have an account and are logged in to that website.<\/p>\n<!-- \/wp:paragraph -->\n<!-- wp:heading -->\n<h2 class=\"wp-block-heading\">Who we share your data with<\/h2>\n<!-- \/wp:heading -->\n<!-- wp:paragraph -->\n<p><strong class=\"privacy-policy-tutorial\">Suggested text: <\/strong>If you request a password reset, your IP address will be included in the reset email.<\/p>\n<!-- \/wp:paragraph -->\n<!-- wp:heading -->\n<h2 class=\"wp-block-heading\">How long we retain your data<\/h2>\n<!-- \/wp:heading -->\n<!-- wp:paragraph -->\n<p><strong class=\"privacy-policy-tutorial\">Suggested text: <\/strong>If you leave a comment, the comment and its metadata are retained indefinitely. This is so we can recognize and approve any follow-up comments automatically instead of holding them in a moderation queue.<\/p>\n<!-- \/wp:paragraph -->\n<!-- wp:paragraph -->\n<p>For users that register on our website (if any), we also store the personal information they provide in their user profile. All users can see, edit, or delete their personal information at any time (except they cannot change their username). Website administrators can also see and edit that information.<\/p>\n<!-- \/wp:paragraph -->\n<!-- wp:heading -->\n<h2 class=\"wp-block-heading\">What rights you have over your data<\/h2>\n<!-- \/wp:heading -->\n<!-- wp:paragraph -->\n<p><strong class=\"privacy-policy-tutorial\">Suggested text: <\/strong>If you have an account on this site, or have left comments, you can request to receive an exported file of the personal data we hold about you, including any data you have provided to us. You can also request that we erase any personal data we hold about you. This does not include any data we are obliged to keep for administrative, legal, or security purposes.<\/p>\n<!-- \/wp:paragraph -->\n<!-- wp:heading -->\n<h2 class=\"wp-block-heading\">Where your data is sent<\/h2>\n<!-- \/wp:heading -->\n<!-- wp:paragraph -->\n<p><strong class=\"privacy-policy-tutorial\">Suggested text: <\/strong>Visitor comments may be checked through an automated spam detection service.<\/p>\n<!-- \/wp:paragraph -->\n","_et_gb_content_width":"","_joinchat":[],"footnotes":""},"class_list":["post-731","page","type-page","status-publish","hentry"],"yoast_head":"<!-- This site is optimized with the Yoast SEO plugin v23.5 - https:\/\/yoast.com\/wordpress\/plugins\/seo\/ -->\n<title>Politica de cookie - Plot Plan<\/title>\n<meta name=\"robots\" content=\"index, follow, max-snippet:-1, max-image-preview:large, max-video-preview:-1\" \/>\n<link rel=\"canonical\" href=\"https:\/\/plotplan.es\/ro\/politica-de-cookie\/\" \/>\n<meta property=\"og:locale\" content=\"ro_RO\" \/>\n<meta property=\"og:type\" content=\"article\" \/>\n<meta property=\"og:title\" content=\"Politica de cookie - Plot Plan\" \/>\n<meta property=\"og:description\" content=\"POLITICA DE COOKIE https:\/\/plotplan.es\/ Accesul la acest site poate implica utilizarea de cookie-uri. Cookie-urile sunt cantit\u0103\u021bi mici de informa\u021bii care sunt stocate \u00een browserul utilizat de fiecare utilizator \u2014 pe diferitele dispozitive pe care le poate folosi pentru a naviga \u2014 pentru ca serverul s\u0103 \u00ee\u0219i aminteasc\u0103 anumite informa\u021bii care ulterior \u0219i doar serverul care [&hellip;]\" \/>\n<meta property=\"og:url\" content=\"https:\/\/plotplan.es\/ro\/politica-de-cookie\/\" \/>\n<meta property=\"og:site_name\" content=\"Plot Plan\" \/>\n<meta property=\"article:modified_time\" content=\"2024-11-22T12:04:52+00:00\" \/>\n<meta name=\"twitter:card\" content=\"summary_large_image\" \/>\n<meta name=\"twitter:label1\" content=\"Timp estimat pentru citire\" \/>\n\t<meta name=\"twitter:data1\" content=\"3 minute\" \/>\n<script type=\"application\/ld+json\" class=\"yoast-schema-graph\">{\"@context\":\"https:\/\/schema.org\",\"@graph\":[{\"@type\":\"WebPage\",\"@id\":\"https:\/\/plotplan.es\/ro\/politica-de-cookie\/\",\"url\":\"https:\/\/plotplan.es\/ro\/politica-de-cookie\/\",\"name\":\"Politica de cookie - Plot Plan\",\"isPartOf\":{\"@id\":\"https:\/\/plotplan.es\/ro\/#website\"},\"datePublished\":\"2024-10-22T07:45:32+00:00\",\"dateModified\":\"2024-11-22T12:04:52+00:00\",\"breadcrumb\":{\"@id\":\"https:\/\/plotplan.es\/ro\/politica-de-cookie\/#breadcrumb\"},\"inLanguage\":\"ro-RO\",\"potentialAction\":[{\"@type\":\"ReadAction\",\"target\":[\"https:\/\/plotplan.es\/ro\/politica-de-cookie\/\"]}]},{\"@type\":\"BreadcrumbList\",\"@id\":\"https:\/\/plotplan.es\/ro\/politica-de-cookie\/#breadcrumb\",\"itemListElement\":[{\"@type\":\"ListItem\",\"position\":1,\"name\":\"Portada\",\"item\":\"https:\/\/plotplan.es\/ro\/acasa\/\"},{\"@type\":\"ListItem\",\"position\":2,\"name\":\"Politica de cookie\"}]},{\"@type\":\"WebSite\",\"@id\":\"https:\/\/plotplan.es\/ro\/#website\",\"url\":\"https:\/\/plotplan.es\/ro\/\",\"name\":\"Plot Plan\",\"description\":\"\",\"potentialAction\":[{\"@type\":\"SearchAction\",\"target\":{\"@type\":\"EntryPoint\",\"urlTemplate\":\"https:\/\/plotplan.es\/ro\/?s={search_term_string}\"},\"query-input\":{\"@type\":\"PropertyValueSpecification\",\"valueRequired\":true,\"valueName\":\"search_term_string\"}}],\"inLanguage\":\"ro-RO\"}]}<\/script>\n<!-- \/ Yoast SEO plugin. -->","yoast_head_json":{"title":"Politica de cookie - Plot Plan","robots":{"index":"index","follow":"follow","max-snippet":"max-snippet:-1","max-image-preview":"max-image-preview:large","max-video-preview":"max-video-preview:-1"},"canonical":"https:\/\/plotplan.es\/ro\/politica-de-cookie\/","og_locale":"ro_RO","og_type":"article","og_title":"Politica de cookie - Plot Plan","og_description":"POLITICA DE COOKIE https:\/\/plotplan.es\/ Accesul la acest site poate implica utilizarea de cookie-uri. Cookie-urile sunt cantit\u0103\u021bi mici de informa\u021bii care sunt stocate \u00een browserul utilizat de fiecare utilizator \u2014 pe diferitele dispozitive pe care le poate folosi pentru a naviga \u2014 pentru ca serverul s\u0103 \u00ee\u0219i aminteasc\u0103 anumite informa\u021bii care ulterior \u0219i doar serverul care [&hellip;]","og_url":"https:\/\/plotplan.es\/ro\/politica-de-cookie\/","og_site_name":"Plot Plan","article_modified_time":"2024-11-22T12:04:52+00:00","twitter_card":"summary_large_image","twitter_misc":{"Timp estimat pentru citire":"3 minute"},"schema":{"@context":"https:\/\/schema.org","@graph":[{"@type":"WebPage","@id":"https:\/\/plotplan.es\/ro\/politica-de-cookie\/","url":"https:\/\/plotplan.es\/ro\/politica-de-cookie\/","name":"Politica de cookie - Plot Plan","isPartOf":{"@id":"https:\/\/plotplan.es\/ro\/#website"},"datePublished":"2024-10-22T07:45:32+00:00","dateModified":"2024-11-22T12:04:52+00:00","breadcrumb":{"@id":"https:\/\/plotplan.es\/ro\/politica-de-cookie\/#breadcrumb"},"inLanguage":"ro-RO","potentialAction":[{"@type":"ReadAction","target":["https:\/\/plotplan.es\/ro\/politica-de-cookie\/"]}]},{"@type":"BreadcrumbList","@id":"https:\/\/plotplan.es\/ro\/politica-de-cookie\/#breadcrumb","itemListElement":[{"@type":"ListItem","position":1,"name":"Portada","item":"https:\/\/plotplan.es\/ro\/acasa\/"},{"@type":"ListItem","position":2,"name":"Politica de cookie"}]},{"@type":"WebSite","@id":"https:\/\/plotplan.es\/ro\/#website","url":"https:\/\/plotplan.es\/ro\/","name":"Plot Plan","description":"","potentialAction":[{"@type":"SearchAction","target":{"@type":"EntryPoint","urlTemplate":"https:\/\/plotplan.es\/ro\/?s={search_term_string}"},"query-input":{"@type":"PropertyValueSpecification","valueRequired":true,"valueName":"search_term_string"}}],"inLanguage":"ro-RO"}]}},"_links":{"self":[{"href":"https:\/\/plotplan.es\/ro\/wp-json\/wp\/v2\/pages\/731"}],"collection":[{"href":"https:\/\/plotplan.es\/ro\/wp-json\/wp\/v2\/pages"}],"about":[{"href":"https:\/\/plotplan.es\/ro\/wp-json\/wp\/v2\/types\/page"}],"author":[{"embeddable":true,"href":"https:\/\/plotplan.es\/ro\/wp-json\/wp\/v2\/users\/1"}],"replies":[{"embeddable":true,"href":"https:\/\/plotplan.es\/ro\/wp-json\/wp\/v2\/comments?post=731"}],"version-history":[{"count":4,"href":"https:\/\/plotplan.es\/ro\/wp-json\/wp\/v2\/pages\/731\/revisions"}],"predecessor-version":[{"id":743,"href":"https:\/\/plotplan.es\/ro\/wp-json\/wp\/v2\/pages\/731\/revisions\/743"}],"wp:attachment":[{"href":"https:\/\/plotplan.es\/ro\/wp-json\/wp\/v2\/media?parent=731"}],"curies":[{"name":"wp","href":"https:\/\/api.w.org\/{rel}","templated":true}]}}