{"id":707,"date":"2024-10-13T15:30:38","date_gmt":"2024-10-13T15:30:38","guid":{"rendered":"https:\/\/plotplan.es\/contacto\/"},"modified":"2024-11-22T11:20:31","modified_gmt":"2024-11-22T11:20:31","slug":"contact","status":"publish","type":"page","link":"https:\/\/plotplan.es\/ro\/contact\/","title":{"rendered":"Contact"},"content":{"rendered":"<p>[et_pb_section fb_built=&#8221;1&#8243; admin_label=&#8221;Hero&#8221; _builder_version=&#8221;4.27.0&#8243; background_color=&#8221;#FFFFFF&#8221; background_enable_image=&#8221;off&#8221; custom_padding=&#8221;|||&#8221; global_colors_info=&#8221;{}&#8221;][et_pb_row _builder_version=&#8221;4.16&#8243; background_size=&#8221;initial&#8221; background_position=&#8221;top_left&#8221; background_repeat=&#8221;repeat&#8221; custom_padding=&#8221;27px|0px|27px|0px|false|false&#8221; global_colors_info=&#8221;{}&#8221;][et_pb_column type=&#8221;4_4&#8243; _builder_version=&#8221;4.16&#8243; custom_padding=&#8221;|||&#8221; global_colors_info=&#8221;{}&#8221; custom_padding__hover=&#8221;|||&#8221;][et_pb_text _builder_version=&#8221;4.27.0&#8243; text_font=&#8221;Century Gothic||||||||&#8221; text_text_color=&#8221;#000000&#8243; text_font_size=&#8221;20px&#8221; text_line_height=&#8221;1.8em&#8221; header_font=&#8221;Century Gothic|800|||||||&#8221; header_text_color=&#8221;#000000&#8243; header_font_size=&#8221;60px&#8221; header_line_height=&#8221;1.3em&#8221; background_size=&#8221;initial&#8221; background_position=&#8221;top_left&#8221; background_repeat=&#8221;repeat&#8221; text_orientation=&#8221;justified&#8221; background_layout=&#8221;dark&#8221; max_width=&#8221;600px&#8221; custom_margin=&#8221;|||&#8221; custom_margin_tablet=&#8221;|100px||&#8221; custom_margin_phone=&#8221;|30px||&#8221; custom_margin_last_edited=&#8221;off|desktop&#8221; hover_enabled=&#8221;0&#8243; text_font_size_tablet=&#8221;20px&#8221; text_font_size_phone=&#8221;17px&#8221; text_font_size_last_edited=&#8221;on|phone&#8221; header_font_size_tablet=&#8221;50px&#8221; header_font_size_phone=&#8221;40px&#8221; header_font_size_last_edited=&#8221;on|phone&#8221; header_line_height_tablet=&#8221;&#8221; header_line_height_phone=&#8221;&#8221; header_line_height_last_edited=&#8221;on|desktop&#8221; global_colors_info=&#8221;{}&#8221; sticky_enabled=&#8221;0&#8243;]<\/p>\n<h1><strong>Contacteaz\u0103-ne<\/strong><\/h1>\n<p>Dac\u0103 ai \u00eentreb\u0103ri sau ai nevoie de mai multe informa\u021bii despre serviciile noastre, nu ezita s\u0103 ne contactezi. Suntem disponibili pentru a r\u0103spunde nevoilor tale \u0219i pentru a-\u021bi oferi suportul necesar.<\/p>\n<p>[\/et_pb_text][\/et_pb_column][\/et_pb_row][et_pb_row column_structure=&#8221;1_2,1_2&#8243; make_equal=&#8221;on&#8221; _builder_version=&#8221;4.27.0&#8243; _module_preset=&#8221;default&#8221; locked=&#8221;off&#8221; global_colors_info=&#8221;{}&#8221;][et_pb_column type=&#8221;1_2&#8243; _builder_version=&#8221;4.27.0&#8243; _module_preset=&#8221;default&#8221; custom_padding=&#8221;50px|30px|50px|30px|true|true&#8221; link_option_url=&#8221;https:\/\/maps.app.goo.gl\/GkaU4AhGiJzAQWCm6&#8243; link_option_url_new_window=&#8221;on&#8221; border_radii=&#8221;on|10px|10px|10px|10px&#8221; border_width_all=&#8221;2px&#8221; border_color_all=&#8221;#E02B20&#8243; global_colors_info=&#8221;{%22gcid-8cdb4e16-0e89-4c38-b30b-9fe41127e3f5%22:%91%22border_color_all__hover%22%93}&#8221; border_color_all__hover_enabled=&#8221;on|hover&#8221; border_color_all__hover=&#8221;#e7ac3c&#8221;][et_pb_icon font_icon=&#8221;&#xe081;||divi||400&#8243; icon_color=&#8221;#E02B20&#8243; icon_width=&#8221;32px&#8221; _builder_version=&#8221;4.27.0&#8243; _module_preset=&#8221;default&#8221; locked=&#8221;off&#8221; global_colors_info=&#8221;{}&#8221;][\/et_pb_icon][et_pb_text _builder_version=&#8221;4.27.0&#8243; _module_preset=&#8221;02c0b698-ab93-40d5-8985-26d774428d07&#8243; header_3_font=&#8221;Century Gothic||||||||&#8221; header_3_text_color=&#8221;#000000&#8243; text_orientation=&#8221;center&#8221; custom_margin=&#8221;||0px||false|false&#8221; hover_enabled=&#8221;0&#8243; locked=&#8221;off&#8221; global_colors_info=&#8221;{}&#8221; sticky_enabled=&#8221;0&#8243;]<\/p>\n<h3><strong>PLOT PLAN SPANIA<\/strong><\/p>\n<\/h3>\n<p>[\/et_pb_text][et_pb_text _builder_version=&#8221;4.27.0&#8243; _module_preset=&#8221;33b5707a-074f-4ebc-8b23-8f79e70564c3&#8243; text_font=&#8221;Century Gothic||||||||&#8221; text_text_color=&#8221;#000000&#8243; link_font=&#8221;Century Gothic||||on||||&#8221; link_text_color=&#8221;#E02B20&#8243; text_orientation=&#8221;center&#8221; hover_enabled=&#8221;0&#8243; locked=&#8221;off&#8221; global_colors_info=&#8221;{}&#8221; sticky_enabled=&#8221;0&#8243;]<\/p>\n<p>Plot Plan, S.L.<\/p>\n<p>Rambla Vella, 67, 2<\/p>\n<p>43003 Tarragona, Spania<\/p>\n<p>Tel. +34 977 230 152<\/p>\n<p><a href=\"mailto:plotplan@plotplan.eu\">plotplan@plotplan.eu<\/a><\/p>\n<p>[\/et_pb_text][\/et_pb_column][et_pb_column type=&#8221;1_2&#8243; _builder_version=&#8221;4.27.0&#8243; _module_preset=&#8221;default&#8221; custom_padding=&#8221;50px|30px|50px|30px|true|true&#8221; link_option_url=&#8221;https:\/\/maps.app.goo.gl\/7pPUe6eat6v8ACz7A&#8221; link_option_url_new_window=&#8221;on&#8221; border_radii=&#8221;on|10px|10px|10px|10px&#8221; border_width_all=&#8221;2px&#8221; border_color_all=&#8221;#E02B20&#8243; global_colors_info=&#8221;{%22gcid-8cdb4e16-0e89-4c38-b30b-9fe41127e3f5%22:%91%22border_color_all__hover%22%93}&#8221; border_color_all__hover_enabled=&#8221;on|hover&#8221; border_color_all__hover=&#8221;#e7ac3c&#8221;][et_pb_icon font_icon=&#8221;&#xe081;||divi||400&#8243; icon_color=&#8221;#E02B20&#8243; icon_width=&#8221;32px&#8221; _builder_version=&#8221;4.27.0&#8243; _module_preset=&#8221;default&#8221; locked=&#8221;off&#8221; global_colors_info=&#8221;{}&#8221;][\/et_pb_icon][et_pb_text _builder_version=&#8221;4.27.0&#8243; _module_preset=&#8221;02c0b698-ab93-40d5-8985-26d774428d07&#8243; header_3_font=&#8221;Century Gothic||||||||&#8221; header_3_text_color=&#8221;#000000&#8243; text_orientation=&#8221;center&#8221; custom_margin=&#8221;||0px||false|false&#8221; hover_enabled=&#8221;0&#8243; locked=&#8221;off&#8221; global_colors_info=&#8221;{}&#8221; sticky_enabled=&#8221;0&#8243;]<\/p>\n<h3><strong>PLOT PLAN ROMANIA<\/strong><\/h3>\n<p>[\/et_pb_text][et_pb_text _builder_version=&#8221;4.27.0&#8243; _module_preset=&#8221;33b5707a-074f-4ebc-8b23-8f79e70564c3&#8243; text_font=&#8221;Century Gothic||||||||&#8221; text_text_color=&#8221;#000000&#8243; link_font=&#8221;Century Gothic||||on||||&#8221; link_text_color=&#8221;#E02B20&#8243; text_orientation=&#8221;center&#8221; hover_enabled=&#8221;0&#8243; locked=&#8221;off&#8221; global_colors_info=&#8221;{}&#8221; sticky_enabled=&#8221;0&#8243;]Plot Plan, S.R.L.<\/p>\n<p>Calle Grigore Moisil, 28-30,\u00a0 1<\/p>\n<p>Sector 2, Bucure\u0219ti, Romania<\/p>\n<p>Tel. +4 021 336 50 58<\/p>\n<p><a href=\"mailto:office@plotplan.eu%20\">office@plotplan.eu<\/a>[\/et_pb_text][\/et_pb_column][\/et_pb_row][\/et_pb_section]<\/p>\n","protected":false},"excerpt":{"rendered":"<p>Contacteaz\u0103-ne Dac\u0103 ai \u00eentreb\u0103ri sau ai nevoie de mai multe informa\u021bii despre serviciile noastre, nu ezita s\u0103 ne contactezi. Suntem disponibili pentru a r\u0103spunde nevoilor tale \u0219i pentru a-\u021bi oferi suportul necesar.PLOT PLAN SPANIA Plot Plan, S.L. Rambla Vella, 67, 2 43003 Tarragona, Spania Tel. +34 977 230 152 plotplan@plotplan.euPLOT PLAN ROMANIAPlot Plan, S.R.L. Calle [&hellip;]<\/p>\n","protected":false},"author":1,"featured_media":0,"parent":0,"menu_order":0,"comment_status":"closed","ping_status":"closed","template":"","meta":{"_et_pb_use_builder":"on","_et_pb_old_content":"","_et_gb_content_width":"","_joinchat":[],"footnotes":""},"class_list":["post-707","page","type-page","status-publish","hentry"],"yoast_head":"<!-- This site is optimized with the Yoast SEO plugin v23.5 - https:\/\/yoast.com\/wordpress\/plugins\/seo\/ -->\n<title>Contact - Plot Plan<\/title>\n<meta name=\"description\" content=\"Si tienes alguna consulta o necesitas m\u00e1s informaci\u00f3n sobre nuestros servicios, no dudes en ponerte en contacto con nosotros.\" \/>\n<meta name=\"robots\" content=\"index, follow, max-snippet:-1, max-image-preview:large, max-video-preview:-1\" \/>\n<link rel=\"canonical\" href=\"https:\/\/plotplan.es\/ro\/contact\/\" \/>\n<meta property=\"og:locale\" content=\"ro_RO\" \/>\n<meta property=\"og:type\" content=\"article\" \/>\n<meta property=\"og:title\" content=\"Contact - Plot Plan\" \/>\n<meta property=\"og:description\" content=\"Si tienes alguna consulta o necesitas m\u00e1s informaci\u00f3n sobre nuestros servicios, no dudes en ponerte en contacto con nosotros.\" \/>\n<meta property=\"og:url\" content=\"https:\/\/plotplan.es\/ro\/contact\/\" \/>\n<meta property=\"og:site_name\" content=\"Plot Plan\" \/>\n<meta property=\"article:modified_time\" content=\"2024-11-22T11:20:31+00:00\" \/>\n<meta name=\"twitter:card\" content=\"summary_large_image\" \/>\n<meta name=\"twitter:label1\" content=\"Timp estimat pentru citire\" \/>\n\t<meta name=\"twitter:data1\" content=\"1 minut\" \/>\n<script type=\"application\/ld+json\" class=\"yoast-schema-graph\">{\"@context\":\"https:\/\/schema.org\",\"@graph\":[{\"@type\":\"WebPage\",\"@id\":\"https:\/\/plotplan.es\/ro\/contact\/\",\"url\":\"https:\/\/plotplan.es\/ro\/contact\/\",\"name\":\"Contact - Plot Plan\",\"isPartOf\":{\"@id\":\"https:\/\/plotplan.es\/ro\/#website\"},\"datePublished\":\"2024-10-13T15:30:38+00:00\",\"dateModified\":\"2024-11-22T11:20:31+00:00\",\"description\":\"Si tienes alguna consulta o necesitas m\u00e1s informaci\u00f3n sobre nuestros servicios, no dudes en ponerte en contacto con nosotros.\",\"breadcrumb\":{\"@id\":\"https:\/\/plotplan.es\/ro\/contact\/#breadcrumb\"},\"inLanguage\":\"ro-RO\",\"potentialAction\":[{\"@type\":\"ReadAction\",\"target\":[\"https:\/\/plotplan.es\/ro\/contact\/\"]}]},{\"@type\":\"BreadcrumbList\",\"@id\":\"https:\/\/plotplan.es\/ro\/contact\/#breadcrumb\",\"itemListElement\":[{\"@type\":\"ListItem\",\"position\":1,\"name\":\"Portada\",\"item\":\"https:\/\/plotplan.es\/ro\/acasa\/\"},{\"@type\":\"ListItem\",\"position\":2,\"name\":\"Contact\"}]},{\"@type\":\"WebSite\",\"@id\":\"https:\/\/plotplan.es\/ro\/#website\",\"url\":\"https:\/\/plotplan.es\/ro\/\",\"name\":\"Plot Plan\",\"description\":\"\",\"potentialAction\":[{\"@type\":\"SearchAction\",\"target\":{\"@type\":\"EntryPoint\",\"urlTemplate\":\"https:\/\/plotplan.es\/ro\/?s={search_term_string}\"},\"query-input\":{\"@type\":\"PropertyValueSpecification\",\"valueRequired\":true,\"valueName\":\"search_term_string\"}}],\"inLanguage\":\"ro-RO\"}]}<\/script>\n<!-- \/ Yoast SEO plugin. -->","yoast_head_json":{"title":"Contact - Plot Plan","description":"Si tienes alguna consulta o necesitas m\u00e1s informaci\u00f3n sobre nuestros servicios, no dudes en ponerte en contacto con nosotros.","robots":{"index":"index","follow":"follow","max-snippet":"max-snippet:-1","max-image-preview":"max-image-preview:large","max-video-preview":"max-video-preview:-1"},"canonical":"https:\/\/plotplan.es\/ro\/contact\/","og_locale":"ro_RO","og_type":"article","og_title":"Contact - Plot Plan","og_description":"Si tienes alguna consulta o necesitas m\u00e1s informaci\u00f3n sobre nuestros servicios, no dudes en ponerte en contacto con nosotros.","og_url":"https:\/\/plotplan.es\/ro\/contact\/","og_site_name":"Plot Plan","article_modified_time":"2024-11-22T11:20:31+00:00","twitter_card":"summary_large_image","twitter_misc":{"Timp estimat pentru citire":"1 minut"},"schema":{"@context":"https:\/\/schema.org","@graph":[{"@type":"WebPage","@id":"https:\/\/plotplan.es\/ro\/contact\/","url":"https:\/\/plotplan.es\/ro\/contact\/","name":"Contact - Plot Plan","isPartOf":{"@id":"https:\/\/plotplan.es\/ro\/#website"},"datePublished":"2024-10-13T15:30:38+00:00","dateModified":"2024-11-22T11:20:31+00:00","description":"Si tienes alguna consulta o necesitas m\u00e1s informaci\u00f3n sobre nuestros servicios, no dudes en ponerte en contacto con nosotros.","breadcrumb":{"@id":"https:\/\/plotplan.es\/ro\/contact\/#breadcrumb"},"inLanguage":"ro-RO","potentialAction":[{"@type":"ReadAction","target":["https:\/\/plotplan.es\/ro\/contact\/"]}]},{"@type":"BreadcrumbList","@id":"https:\/\/plotplan.es\/ro\/contact\/#breadcrumb","itemListElement":[{"@type":"ListItem","position":1,"name":"Portada","item":"https:\/\/plotplan.es\/ro\/acasa\/"},{"@type":"ListItem","position":2,"name":"Contact"}]},{"@type":"WebSite","@id":"https:\/\/plotplan.es\/ro\/#website","url":"https:\/\/plotplan.es\/ro\/","name":"Plot Plan","description":"","potentialAction":[{"@type":"SearchAction","target":{"@type":"EntryPoint","urlTemplate":"https:\/\/plotplan.es\/ro\/?s={search_term_string}"},"query-input":{"@type":"PropertyValueSpecification","valueRequired":true,"valueName":"search_term_string"}}],"inLanguage":"ro-RO"}]}},"_links":{"self":[{"href":"https:\/\/plotplan.es\/ro\/wp-json\/wp\/v2\/pages\/707"}],"collection":[{"href":"https:\/\/plotplan.es\/ro\/wp-json\/wp\/v2\/pages"}],"about":[{"href":"https:\/\/plotplan.es\/ro\/wp-json\/wp\/v2\/types\/page"}],"author":[{"embeddable":true,"href":"https:\/\/plotplan.es\/ro\/wp-json\/wp\/v2\/users\/1"}],"replies":[{"embeddable":true,"href":"https:\/\/plotplan.es\/ro\/wp-json\/wp\/v2\/comments?post=707"}],"version-history":[{"count":3,"href":"https:\/\/plotplan.es\/ro\/wp-json\/wp\/v2\/pages\/707\/revisions"}],"predecessor-version":[{"id":715,"href":"https:\/\/plotplan.es\/ro\/wp-json\/wp\/v2\/pages\/707\/revisions\/715"}],"wp:attachment":[{"href":"https:\/\/plotplan.es\/ro\/wp-json\/wp\/v2\/media?parent=707"}],"curies":[{"name":"wp","href":"https:\/\/api.w.org\/{rel}","templated":true}]}}