{"id":699,"date":"2024-10-14T06:20:41","date_gmt":"2024-10-14T06:20:41","guid":{"rendered":"https:\/\/plotplan.es\/carreras\/"},"modified":"2024-11-22T11:16:07","modified_gmt":"2024-11-22T11:16:07","slug":"cariere","status":"publish","type":"page","link":"https:\/\/plotplan.es\/ro\/cariere\/","title":{"rendered":"Cariere"},"content":{"rendered":"<p>[et_pb_section fb_built=&#8221;1&#8243; admin_label=&#8221;Hero&#8221; _builder_version=&#8221;4.27.0&#8243; background_enable_color=&#8221;off&#8221; use_background_color_gradient=&#8221;on&#8221; background_color_gradient_direction=&#8221;170deg&#8221; background_color_gradient_stops=&#8221;rgba(255,255,255,0) 0%|#e02b20 99%&#8221; background_color_gradient_overlays_image=&#8221;on&#8221; background_color_gradient_start=&#8221;#002e4f&#8221; background_color_gradient_start_position=&#8221;1%&#8221; background_color_gradient_end=&#8221;rgba(8,70,102,0.8)&#8221; background_image=&#8221;http:\/\/plotplan.es\/wp-content\/uploads\/2024\/09\/law-firm-26.jpg&#8221; custom_padding=&#8221;|||&#8221; locked=&#8221;off&#8221; global_colors_info=&#8221;{}&#8221;][et_pb_row _builder_version=&#8221;4.16&#8243; background_size=&#8221;initial&#8221; background_position=&#8221;top_left&#8221; background_repeat=&#8221;repeat&#8221; custom_padding=&#8221;27px|0px|27px|0px|false|false&#8221; global_colors_info=&#8221;{}&#8221;][et_pb_column type=&#8221;4_4&#8243; _builder_version=&#8221;4.16&#8243; custom_padding=&#8221;|||&#8221; global_colors_info=&#8221;{}&#8221; custom_padding__hover=&#8221;|||&#8221;][et_pb_text _builder_version=&#8221;4.27.0&#8243; text_font=&#8221;Century Gothic||||||||&#8221; text_font_size=&#8221;20px&#8221; text_line_height=&#8221;1.8em&#8221; header_font=&#8221;Century Gothic|800|||||||&#8221; header_font_size=&#8221;60px&#8221; header_line_height=&#8221;1.3em&#8221; background_size=&#8221;initial&#8221; background_position=&#8221;top_left&#8221; background_repeat=&#8221;repeat&#8221; text_orientation=&#8221;justified&#8221; background_layout=&#8221;dark&#8221; max_width=&#8221;600px&#8221; custom_margin=&#8221;|||&#8221; custom_margin_tablet=&#8221;|100px||&#8221; custom_margin_phone=&#8221;|30px||&#8221; custom_margin_last_edited=&#8221;off|desktop&#8221; hover_enabled=&#8221;0&#8243; text_font_size_tablet=&#8221;20px&#8221; text_font_size_phone=&#8221;17px&#8221; text_font_size_last_edited=&#8221;on|phone&#8221; header_font_size_tablet=&#8221;50px&#8221; header_font_size_phone=&#8221;40px&#8221; header_font_size_last_edited=&#8221;on|phone&#8221; header_line_height_tablet=&#8221;&#8221; header_line_height_phone=&#8221;&#8221; header_line_height_last_edited=&#8221;on|desktop&#8221; global_colors_info=&#8221;{}&#8221; sticky_enabled=&#8221;0&#8243;]<\/p>\n<h1 class=\"p1\" style=\"text-align: justify;\">Cariere<\/h1>\n<p>Credem \u00een cre\u0219terea \u0219i dezvoltarea talentului nostru. Oferim un mediu dinamic \u00een care fiecare angajat \u00ee\u0219i poate construi propriul parcurs profesional. Promov\u0103m \u00eenv\u0103\u021barea continu\u0103 \u0219i oferim acces la programe de formare, mentorat \u0219i proiecte provocatoare care \u00ee\u021bi sus\u021bin cariera.<br \/>\n&nbsp;[\/et_pb_text][\/et_pb_column][\/et_pb_row][\/et_pb_section][et_pb_section fb_built=&#8221;1&#8243; admin_label=&#8221;Services&#8221; _builder_version=&#8221;4.19.2&#8243; _module_preset=&#8221;default&#8221; collapsed=&#8221;on&#8221; global_colors_info=&#8221;{}&#8221;][et_pb_row column_structure=&#8221;2_5,3_5&#8243; _builder_version=&#8221;4.19.2&#8243; _module_preset=&#8221;default&#8221; global_colors_info=&#8221;{}&#8221;][et_pb_column type=&#8221;2_5&#8243; _builder_version=&#8221;4.19.2&#8243; _module_preset=&#8221;default&#8221; global_colors_info=&#8221;{}&#8221;][et_pb_text _builder_version=&#8221;4.27.0&#8243; _module_preset=&#8221;c287f112-e86a-413e-b6ce-37a34b238304&#8243; text_font=&#8221;Century Gothic||||||||&#8221; text_text_color=&#8221;#000000&#8243; text_font_size=&#8221;16px&#8221; text_line_height=&#8221;2em&#8221; header_2_font=&#8221;||||||||&#8221; header_3_font=&#8221;Century Gothic|600|||||||&#8221; header_3_line_height=&#8221;1.6em&#8221; text_orientation=&#8221;justified&#8221; hover_enabled=&#8221;0&#8243; border_width_bottom=&#8221;1px&#8221; border_color_bottom=&#8221;#E02B20&#8243; global_colors_info=&#8221;{}&#8221; sticky_enabled=&#8221;0&#8243;]<\/p>\n<h3><strong>Al\u0103tur\u0103-te echipei noastre<\/strong><\/h3>\n<p>[\/et_pb_text][\/et_pb_column][et_pb_column type=&#8221;3_5&#8243; _builder_version=&#8221;4.19.2&#8243; _module_preset=&#8221;default&#8221; global_colors_info=&#8221;{}&#8221;][et_pb_text _builder_version=&#8221;4.27.0&#8243; _module_preset=&#8221;b568c7a0-3812-4f7e-8554-13d449b35cb4&#8243; text_font=&#8221;Century Gothic||||||||&#8221; text_text_color=&#8221;#000000&#8243; text_orientation=&#8221;justified&#8221; hover_enabled=&#8221;0&#8243; global_colors_info=&#8221;{}&#8221; sticky_enabled=&#8221;0&#8243;]<\/p>\n<p>Suntem mereu \u00een c\u0103utare de profesioni\u0219ti pasiona\u021bi, dedica\u021bi \u0219i dornici s\u0103 creasc\u0103 \u00eempreun\u0103 cu noi. Dac\u0103 \u00ee\u021bi dore\u0219ti un mediu dinamic \u00een care inova\u021bia \u0219i colaborarea sunt fundamentul succesului nostru, te invit\u0103m s\u0103 ne contactezi.<\/p>\n<p>&nbsp;<\/p>\n<p>[\/et_pb_text][\/et_pb_column][\/et_pb_row][et_pb_row column_structure=&#8221;2_5,3_5&#8243; _builder_version=&#8221;4.19.2&#8243; _module_preset=&#8221;default&#8221; global_colors_info=&#8221;{}&#8221;][et_pb_column type=&#8221;2_5&#8243; _builder_version=&#8221;4.19.2&#8243; _module_preset=&#8221;default&#8221; global_colors_info=&#8221;{}&#8221;][et_pb_text _builder_version=&#8221;4.27.0&#8243; _module_preset=&#8221;c287f112-e86a-413e-b6ce-37a34b238304&#8243; text_font=&#8221;Century Gothic||||||||&#8221; text_text_color=&#8221;#000000&#8243; text_font_size=&#8221;16px&#8221; text_line_height=&#8221;2em&#8221; header_2_font=&#8221;||||||||&#8221; header_3_font=&#8221;Century Gothic|600|||||||&#8221; header_3_line_height=&#8221;1.6em&#8221; text_orientation=&#8221;justified&#8221; hover_enabled=&#8221;0&#8243; border_width_bottom=&#8221;1px&#8221; border_color_bottom=&#8221;#E02B20&#8243; global_colors_info=&#8221;{}&#8221; sticky_enabled=&#8221;0&#8243;]<\/p>\n<h3 style=\"text-align: left;\"><strong>Oportunit\u0103\u021bi de Angajare \u0219i Colaborare<\/strong><\/p>\n<\/h3>\n<p>[\/et_pb_text][\/et_pb_column][et_pb_column type=&#8221;3_5&#8243; _builder_version=&#8221;4.19.2&#8243; _module_preset=&#8221;default&#8221; global_colors_info=&#8221;{}&#8221;][et_pb_text _builder_version=&#8221;4.27.0&#8243; _module_preset=&#8221;b568c7a0-3812-4f7e-8554-13d449b35cb4&#8243; text_font=&#8221;Century Gothic||||||||&#8221; text_text_color=&#8221;#000000&#8243; text_orientation=&#8221;justified&#8221; hover_enabled=&#8221;0&#8243; global_colors_info=&#8221;{}&#8221; sticky_enabled=&#8221;0&#8243;]<\/p>\n<p>Dac\u0103 e\u0219ti interesat s\u0103 te al\u0103turi echipei noastre, fie ca angajat, fie ca colaborator extern\/freelancer, \u0219i consideri c\u0103 po\u021bi aduce valoare companiei noastre, ne-ar pl\u0103cea s\u0103 te cunoa\u0219tem. Trimite-ne CV-ul \u0219i o scrisoare de inten\u021bie la adresa <a href=\"mailto:rrhh@plotplan.eu\"><b>rrhh<\/b>@<span class=\"s1\"><b>plotplan.eu<\/b><\/span><\/a>, iar noi te vom lua \u00een considerare pentru oportunit\u0103\u021bi viitoare care se aliniaz\u0103 cu experien\u021ba \u0219i abilit\u0103\u021bile tale.<\/p>\n<p>&nbsp;<\/p>\n<p style=\"text-align: justify;\">[\/et_pb_text][\/et_pb_column][\/et_pb_row][et_pb_row column_structure=&#8221;2_5,3_5&#8243; _builder_version=&#8221;4.19.2&#8243; _module_preset=&#8221;default&#8221; global_colors_info=&#8221;{}&#8221;][et_pb_column type=&#8221;2_5&#8243; _builder_version=&#8221;4.19.2&#8243; _module_preset=&#8221;default&#8221; global_colors_info=&#8221;{}&#8221;][et_pb_text _builder_version=&#8221;4.27.0&#8243; _module_preset=&#8221;c287f112-e86a-413e-b6ce-37a34b238304&#8243; text_font=&#8221;Century Gothic||||||||&#8221; text_text_color=&#8221;#000000&#8243; text_font_size=&#8221;16px&#8221; text_line_height=&#8221;2em&#8221; header_2_font=&#8221;||||||||&#8221; header_3_font=&#8221;Century Gothic|600|||||||&#8221; header_3_line_height=&#8221;1.6em&#8221; text_orientation=&#8221;justified&#8221; hover_enabled=&#8221;0&#8243; border_width_bottom=&#8221;1px&#8221; border_color_bottom=&#8221;#E02B20&#8243; global_colors_info=&#8221;{}&#8221; sticky_enabled=&#8221;0&#8243;]<\/p>\n<h3 style=\"text-align: left;\"><strong>Internship-uri pentru Studen\u021bi<\/strong><\/p>\n<\/h3>\n<p>[\/et_pb_text][\/et_pb_column][et_pb_column type=&#8221;3_5&#8243; _builder_version=&#8221;4.19.2&#8243; _module_preset=&#8221;default&#8221; global_colors_info=&#8221;{}&#8221;][et_pb_text _builder_version=&#8221;4.27.0&#8243; _module_preset=&#8221;b568c7a0-3812-4f7e-8554-13d449b35cb4&#8243; text_font=&#8221;Century Gothic||||||||&#8221; text_text_color=&#8221;#000000&#8243; text_orientation=&#8221;justified&#8221; hover_enabled=&#8221;0&#8243; global_colors_info=&#8221;{}&#8221; sticky_enabled=&#8221;0&#8243;]<\/p>\n<p>Suntem deschi\u0219i s\u0103 primim \u0219i studen\u021bi interesa\u021bi de internship-uri profesionale. Dac\u0103 e\u0219ti \u00een curs de studii \u0219i dore\u0219ti s\u0103 acumulezi experien\u021b\u0103 practic\u0103 \u00eentr-un mediu dinamic \u0219i profesional, nu ezita s\u0103 ne trimi\u021bi CV-ul \u0219i o scrisoare de inten\u021bie. Suntem dedica\u021bi dezvolt\u0103rii noilor talente \u0219i oferim un mediu \u00een care po\u021bi \u00eenv\u0103\u021ba \u0219i cre\u0219te.<\/p>\n<p>&nbsp;<\/p>\n<p>[\/et_pb_text][\/et_pb_column][\/et_pb_row][et_pb_row column_structure=&#8221;2_5,3_5&#8243; _builder_version=&#8221;4.19.2&#8243; _module_preset=&#8221;default&#8221; global_colors_info=&#8221;{}&#8221;][et_pb_column type=&#8221;2_5&#8243; _builder_version=&#8221;4.19.2&#8243; _module_preset=&#8221;default&#8221; global_colors_info=&#8221;{}&#8221;][et_pb_text _builder_version=&#8221;4.27.0&#8243; _module_preset=&#8221;c287f112-e86a-413e-b6ce-37a34b238304&#8243; text_font=&#8221;Century Gothic||||||||&#8221; text_text_color=&#8221;#000000&#8243; text_font_size=&#8221;16px&#8221; text_line_height=&#8221;2em&#8221; header_2_font=&#8221;||||||||&#8221; header_3_font=&#8221;Century Gothic|600|||||||&#8221; header_3_line_height=&#8221;1.6em&#8221; text_orientation=&#8221;justified&#8221; hover_enabled=&#8221;0&#8243; border_width_bottom=&#8221;1px&#8221; border_color_bottom=&#8221;#E02B20&#8243; global_colors_info=&#8221;{}&#8221; sticky_enabled=&#8221;0&#8243;]<\/p>\n<h3 style=\"text-align: left;\"><strong>Cultura Noastr\u0103<\/strong><\/p>\n<\/h3>\n<p>[\/et_pb_text][\/et_pb_column][et_pb_column type=&#8221;3_5&#8243; _builder_version=&#8221;4.19.2&#8243; _module_preset=&#8221;default&#8221; global_colors_info=&#8221;{}&#8221;][et_pb_text _builder_version=&#8221;4.27.0&#8243; _module_preset=&#8221;b568c7a0-3812-4f7e-8554-13d449b35cb4&#8243; text_font=&#8221;Century Gothic||||||||&#8221; text_text_color=&#8221;#000000&#8243; text_orientation=&#8221;justified&#8221; hover_enabled=&#8221;0&#8243; global_colors_info=&#8221;{}&#8221; sticky_enabled=&#8221;0&#8243;]<\/p>\n<p>Pre\u021buim dezvoltarea profesional\u0103 a angaja\u021bilor \u0219i colaboratorilor no\u0219tri. Promov\u0103m un mediu de lucru echilibrat, unde at\u00e2t angaja\u021bii, c\u00e2t \u0219i freelancerii pot cre\u0219te profesional, pot dob\u00e2ndi noi abilit\u0103\u021bi \u0219i se pot bucura de un echilibru s\u0103n\u0103tos \u00eentre munc\u0103 \u0219i via\u021ba personal\u0103.<\/p>\n<p>&nbsp;<\/p>\n<p>[\/et_pb_text][\/et_pb_column][\/et_pb_row][\/et_pb_section]<\/p>\n","protected":false},"excerpt":{"rendered":"<p>Cariere Credem \u00een cre\u0219terea \u0219i dezvoltarea talentului nostru. Oferim un mediu dinamic \u00een care fiecare angajat \u00ee\u0219i poate construi propriul parcurs profesional. Promov\u0103m \u00eenv\u0103\u021barea continu\u0103 \u0219i oferim acces la programe de formare, mentorat \u0219i proiecte provocatoare care \u00ee\u021bi sus\u021bin cariera. &nbsp;Al\u0103tur\u0103-te echipei noastreSuntem mereu \u00een c\u0103utare de profesioni\u0219ti pasiona\u021bi, dedica\u021bi \u0219i dornici s\u0103 creasc\u0103 \u00eempreun\u0103 [&hellip;]<\/p>\n","protected":false},"author":1,"featured_media":0,"parent":0,"menu_order":0,"comment_status":"closed","ping_status":"closed","template":"","meta":{"_et_pb_use_builder":"on","_et_pb_old_content":"","_et_gb_content_width":"","_joinchat":[],"footnotes":""},"class_list":["post-699","page","type-page","status-publish","hentry"],"yoast_head":"<!-- This site is optimized with the Yoast SEO plugin v23.5 - https:\/\/yoast.com\/wordpress\/plugins\/seo\/ -->\n<title>Cariere - Plot Plan<\/title>\n<meta name=\"description\" content=\"En Pot Plan, creemos en el crecimiento y desarrollo de nuestro talento. Ofrecemos un entorno din\u00e1mico donde trazar carreras.\" \/>\n<meta name=\"robots\" content=\"index, follow, max-snippet:-1, max-image-preview:large, max-video-preview:-1\" \/>\n<link rel=\"canonical\" href=\"https:\/\/plotplan.es\/ro\/cariere\/\" \/>\n<meta property=\"og:locale\" content=\"ro_RO\" \/>\n<meta property=\"og:type\" content=\"article\" \/>\n<meta property=\"og:title\" content=\"Cariere - Plot Plan\" \/>\n<meta property=\"og:description\" content=\"En Pot Plan, creemos en el crecimiento y desarrollo de nuestro talento. Ofrecemos un entorno din\u00e1mico donde trazar carreras.\" \/>\n<meta property=\"og:url\" content=\"https:\/\/plotplan.es\/ro\/cariere\/\" \/>\n<meta property=\"og:site_name\" content=\"Plot Plan\" \/>\n<meta property=\"article:modified_time\" content=\"2024-11-22T11:16:07+00:00\" \/>\n<meta name=\"twitter:card\" content=\"summary_large_image\" \/>\n<meta name=\"twitter:label1\" content=\"Timp estimat pentru citire\" \/>\n\t<meta name=\"twitter:data1\" content=\"2 minute\" \/>\n<script type=\"application\/ld+json\" class=\"yoast-schema-graph\">{\"@context\":\"https:\/\/schema.org\",\"@graph\":[{\"@type\":\"WebPage\",\"@id\":\"https:\/\/plotplan.es\/ro\/cariere\/\",\"url\":\"https:\/\/plotplan.es\/ro\/cariere\/\",\"name\":\"Cariere - Plot Plan\",\"isPartOf\":{\"@id\":\"https:\/\/plotplan.es\/ro\/#website\"},\"datePublished\":\"2024-10-14T06:20:41+00:00\",\"dateModified\":\"2024-11-22T11:16:07+00:00\",\"description\":\"En Pot Plan, creemos en el crecimiento y desarrollo de nuestro talento. Ofrecemos un entorno din\u00e1mico donde trazar carreras.\",\"breadcrumb\":{\"@id\":\"https:\/\/plotplan.es\/ro\/cariere\/#breadcrumb\"},\"inLanguage\":\"ro-RO\",\"potentialAction\":[{\"@type\":\"ReadAction\",\"target\":[\"https:\/\/plotplan.es\/ro\/cariere\/\"]}]},{\"@type\":\"BreadcrumbList\",\"@id\":\"https:\/\/plotplan.es\/ro\/cariere\/#breadcrumb\",\"itemListElement\":[{\"@type\":\"ListItem\",\"position\":1,\"name\":\"Portada\",\"item\":\"https:\/\/plotplan.es\/ro\/acasa\/\"},{\"@type\":\"ListItem\",\"position\":2,\"name\":\"Cariere\"}]},{\"@type\":\"WebSite\",\"@id\":\"https:\/\/plotplan.es\/ro\/#website\",\"url\":\"https:\/\/plotplan.es\/ro\/\",\"name\":\"Plot Plan\",\"description\":\"\",\"potentialAction\":[{\"@type\":\"SearchAction\",\"target\":{\"@type\":\"EntryPoint\",\"urlTemplate\":\"https:\/\/plotplan.es\/ro\/?s={search_term_string}\"},\"query-input\":{\"@type\":\"PropertyValueSpecification\",\"valueRequired\":true,\"valueName\":\"search_term_string\"}}],\"inLanguage\":\"ro-RO\"}]}<\/script>\n<!-- \/ Yoast SEO plugin. -->","yoast_head_json":{"title":"Cariere - Plot Plan","description":"En Pot Plan, creemos en el crecimiento y desarrollo de nuestro talento. Ofrecemos un entorno din\u00e1mico donde trazar carreras.","robots":{"index":"index","follow":"follow","max-snippet":"max-snippet:-1","max-image-preview":"max-image-preview:large","max-video-preview":"max-video-preview:-1"},"canonical":"https:\/\/plotplan.es\/ro\/cariere\/","og_locale":"ro_RO","og_type":"article","og_title":"Cariere - Plot Plan","og_description":"En Pot Plan, creemos en el crecimiento y desarrollo de nuestro talento. Ofrecemos un entorno din\u00e1mico donde trazar carreras.","og_url":"https:\/\/plotplan.es\/ro\/cariere\/","og_site_name":"Plot Plan","article_modified_time":"2024-11-22T11:16:07+00:00","twitter_card":"summary_large_image","twitter_misc":{"Timp estimat pentru citire":"2 minute"},"schema":{"@context":"https:\/\/schema.org","@graph":[{"@type":"WebPage","@id":"https:\/\/plotplan.es\/ro\/cariere\/","url":"https:\/\/plotplan.es\/ro\/cariere\/","name":"Cariere - Plot Plan","isPartOf":{"@id":"https:\/\/plotplan.es\/ro\/#website"},"datePublished":"2024-10-14T06:20:41+00:00","dateModified":"2024-11-22T11:16:07+00:00","description":"En Pot Plan, creemos en el crecimiento y desarrollo de nuestro talento. Ofrecemos un entorno din\u00e1mico donde trazar carreras.","breadcrumb":{"@id":"https:\/\/plotplan.es\/ro\/cariere\/#breadcrumb"},"inLanguage":"ro-RO","potentialAction":[{"@type":"ReadAction","target":["https:\/\/plotplan.es\/ro\/cariere\/"]}]},{"@type":"BreadcrumbList","@id":"https:\/\/plotplan.es\/ro\/cariere\/#breadcrumb","itemListElement":[{"@type":"ListItem","position":1,"name":"Portada","item":"https:\/\/plotplan.es\/ro\/acasa\/"},{"@type":"ListItem","position":2,"name":"Cariere"}]},{"@type":"WebSite","@id":"https:\/\/plotplan.es\/ro\/#website","url":"https:\/\/plotplan.es\/ro\/","name":"Plot Plan","description":"","potentialAction":[{"@type":"SearchAction","target":{"@type":"EntryPoint","urlTemplate":"https:\/\/plotplan.es\/ro\/?s={search_term_string}"},"query-input":{"@type":"PropertyValueSpecification","valueRequired":true,"valueName":"search_term_string"}}],"inLanguage":"ro-RO"}]}},"_links":{"self":[{"href":"https:\/\/plotplan.es\/ro\/wp-json\/wp\/v2\/pages\/699"}],"collection":[{"href":"https:\/\/plotplan.es\/ro\/wp-json\/wp\/v2\/pages"}],"about":[{"href":"https:\/\/plotplan.es\/ro\/wp-json\/wp\/v2\/types\/page"}],"author":[{"embeddable":true,"href":"https:\/\/plotplan.es\/ro\/wp-json\/wp\/v2\/users\/1"}],"replies":[{"embeddable":true,"href":"https:\/\/plotplan.es\/ro\/wp-json\/wp\/v2\/comments?post=699"}],"version-history":[{"count":3,"href":"https:\/\/plotplan.es\/ro\/wp-json\/wp\/v2\/pages\/699\/revisions"}],"predecessor-version":[{"id":706,"href":"https:\/\/plotplan.es\/ro\/wp-json\/wp\/v2\/pages\/699\/revisions\/706"}],"wp:attachment":[{"href":"https:\/\/plotplan.es\/ro\/wp-json\/wp\/v2\/media?parent=699"}],"curies":[{"name":"wp","href":"https:\/\/api.w.org\/{rel}","templated":true}]}}