{"id":681,"date":"2024-10-14T06:05:59","date_gmt":"2024-10-14T06:05:59","guid":{"rendered":"https:\/\/plotplan.es\/servicios\/"},"modified":"2024-11-22T11:03:28","modified_gmt":"2024-11-22T11:03:28","slug":"servicii","status":"publish","type":"page","link":"https:\/\/plotplan.es\/ro\/servicii\/","title":{"rendered":"Servicii"},"content":{"rendered":"<p>[et_pb_section fb_built=&#8221;1&#8243; admin_label=&#8221;Hero&#8221; _builder_version=&#8221;4.27.0&#8243; background_enable_color=&#8221;off&#8221; use_background_color_gradient=&#8221;on&#8221; background_color_gradient_direction=&#8221;170deg&#8221; background_color_gradient_stops=&#8221;rgba(255,255,255,0) 0%|#e02b20 99%&#8221; background_color_gradient_overlays_image=&#8221;on&#8221; background_color_gradient_start=&#8221;#002e4f&#8221; background_color_gradient_start_position=&#8221;1%&#8221; background_color_gradient_end=&#8221;rgba(8,70,102,0.8)&#8221; background_image=&#8221;https:\/\/plotplan.es\/wp-content\/uploads\/2024\/10\/SERVICIOS.jpg&#8221; custom_padding=&#8221;|||&#8221; locked=&#8221;off&#8221; global_colors_info=&#8221;{}&#8221;][et_pb_row _builder_version=&#8221;4.16&#8243; background_size=&#8221;initial&#8221; background_position=&#8221;top_left&#8221; background_repeat=&#8221;repeat&#8221; custom_padding=&#8221;27px|0px|27px|0px|false|false&#8221; global_colors_info=&#8221;{}&#8221;][et_pb_column type=&#8221;4_4&#8243; _builder_version=&#8221;4.16&#8243; custom_padding=&#8221;|||&#8221; global_colors_info=&#8221;{}&#8221; custom_padding__hover=&#8221;|||&#8221;][et_pb_text _builder_version=&#8221;4.27.0&#8243; text_font=&#8221;Century Gothic||||||||&#8221; text_font_size=&#8221;20px&#8221; text_line_height=&#8221;1.8em&#8221; header_font=&#8221;Century Gothic|800|||||||&#8221; header_font_size=&#8221;60px&#8221; header_line_height=&#8221;1.3em&#8221; background_size=&#8221;initial&#8221; background_position=&#8221;top_left&#8221; background_repeat=&#8221;repeat&#8221; text_orientation=&#8221;justified&#8221; background_layout=&#8221;dark&#8221; max_width=&#8221;600px&#8221; custom_margin=&#8221;|||&#8221; custom_margin_tablet=&#8221;|100px||&#8221; custom_margin_phone=&#8221;|30px||&#8221; custom_margin_last_edited=&#8221;off|desktop&#8221; hover_enabled=&#8221;0&#8243; text_font_size_tablet=&#8221;20px&#8221; text_font_size_phone=&#8221;17px&#8221; text_font_size_last_edited=&#8221;on|phone&#8221; header_font_size_tablet=&#8221;50px&#8221; header_font_size_phone=&#8221;40px&#8221; header_font_size_last_edited=&#8221;on|phone&#8221; header_line_height_tablet=&#8221;&#8221; header_line_height_phone=&#8221;&#8221; header_line_height_last_edited=&#8221;on|desktop&#8221; global_colors_info=&#8221;{}&#8221; sticky_enabled=&#8221;0&#8243;]<\/p>\n<h1 class=\"p1\" style=\"text-align: justify;\">Servicii<br \/>\n<\/h1>\n<p class=\"p1\">La Plot Plan, oferim solu\u021bii complete de consultan\u021b\u0103 \u00een inginerie \u0219i arhitectur\u0103, concepute pentru a transforma ideile tale \u00een realit\u0103\u021bi sustenabile \u0219i eficiente. Echipa noastr\u0103 de exper\u021bi combin\u0103 inova\u021bia \u0219i experien\u021ba pentru a furniza servicii care variaz\u0103 de la design conceptual p\u00e2n\u0103 la supravegherea execu\u021biei proiectelor.<\/p>\n<p>[\/et_pb_text][\/et_pb_column][\/et_pb_row][\/et_pb_section][et_pb_section fb_built=&#8221;1&#8243; admin_label=&#8221;Services&#8221; _builder_version=&#8221;4.19.2&#8243; _module_preset=&#8221;default&#8221; collapsed=&#8221;on&#8221; global_colors_info=&#8221;{}&#8221;][et_pb_row column_structure=&#8221;2_5,3_5&#8243; _builder_version=&#8221;4.19.2&#8243; _module_preset=&#8221;default&#8221; global_colors_info=&#8221;{}&#8221;][et_pb_column type=&#8221;2_5&#8243; _builder_version=&#8221;4.19.2&#8243; _module_preset=&#8221;default&#8221; global_colors_info=&#8221;{}&#8221;][et_pb_text _builder_version=&#8221;4.27.0&#8243; _module_preset=&#8221;c287f112-e86a-413e-b6ce-37a34b238304&#8243; text_font=&#8221;Century Gothic||||||||&#8221; text_text_color=&#8221;#000000&#8243; text_font_size=&#8221;16px&#8221; text_line_height=&#8221;2em&#8221; header_2_font=&#8221;||||||||&#8221; header_3_font=&#8221;Century Gothic|600|||||||&#8221; header_3_line_height=&#8221;1.6em&#8221; text_orientation=&#8221;justified&#8221; hover_enabled=&#8221;0&#8243; border_width_bottom=&#8221;1px&#8221; border_color_bottom=&#8221;#E02B20&#8243; global_colors_info=&#8221;{}&#8221; sticky_enabled=&#8221;0&#8243;]<\/p>\n<h3 style=\"text-align: left;\">Consultan\u021b\u0103<\/h3>\n<p>[\/et_pb_text][\/et_pb_column][et_pb_column type=&#8221;3_5&#8243; _builder_version=&#8221;4.19.2&#8243; _module_preset=&#8221;default&#8221; global_colors_info=&#8221;{}&#8221;][et_pb_text _builder_version=&#8221;4.27.0&#8243; _module_preset=&#8221;b568c7a0-3812-4f7e-8554-13d449b35cb4&#8243; text_font=&#8221;Century Gothic||||||||&#8221; text_text_color=&#8221;#000000&#8243; text_orientation=&#8221;justified&#8221; hover_enabled=&#8221;0&#8243; global_colors_info=&#8221;{}&#8221; sticky_enabled=&#8221;0&#8243;]<\/p>\n<ul class=\"ul1\">\n<li class=\"li1\"><span class=\"s1\"><\/span><b>Studii de amplasament \u0219i selectarea terenului<\/b>: Oferim solu\u021bii func\u021bionale \u0219i studii de amplasament pentru a selecta cele mai potrivite terenuri \u0219i loca\u021bii pentru proiectele tale.<\/li>\n<li class=\"li1\"><span class=\"s1\"><\/span><b>Analiza investi\u021biilor \u0219i consultan\u021b\u0103<\/b>: Realiz\u0103m studii de fezabilitate tehnic\u0103 \u0219i economic\u0103, analizarea tranzac\u021biilor \u0219i consultan\u021b\u0103 \u00een finan\u021barea proiectelor.<\/li>\n<li class=\"li1\"><span class=\"s1\"><\/span><b>Evaluarea activelor \u0219i managementul afacerilor<\/b>:Oferim suport \u00een managementul afacerii, evaluarea activelor, studii de concesiune a infrastructurii \u0219i asisten\u021b\u0103 pentru Administra\u021biile Publice.<\/li>\n<li class=\"li2\"><span class=\"s1\"><\/span><b>Gestionarea ajutoarelor publice<\/b>: Oferim consultan\u021b\u0103 \u0219i gestion\u0103m ob\u021binerea de ajutoare publice pentru a finan\u021ba proiectele de investi\u021bii, asigur\u00e2nd maximizarea oportunit\u0103\u021bilor de finan\u021bare disponibile.<\/li>\n<\/ul>\n<p>[\/et_pb_text][\/et_pb_column][\/et_pb_row][et_pb_row column_structure=&#8221;2_5,3_5&#8243; _builder_version=&#8221;4.19.2&#8243; _module_preset=&#8221;default&#8221; global_colors_info=&#8221;{}&#8221;][et_pb_column type=&#8221;2_5&#8243; _builder_version=&#8221;4.19.2&#8243; _module_preset=&#8221;default&#8221; global_colors_info=&#8221;{}&#8221;][et_pb_text _builder_version=&#8221;4.27.0&#8243; _module_preset=&#8221;c287f112-e86a-413e-b6ce-37a34b238304&#8243; text_font=&#8221;Century Gothic||||||||&#8221; text_text_color=&#8221;#000000&#8243; text_font_size=&#8221;16px&#8221; text_line_height=&#8221;2em&#8221; header_2_font=&#8221;||||||||&#8221; header_3_font=&#8221;Century Gothic|600|||||||&#8221; header_3_line_height=&#8221;1.6em&#8221; text_orientation=&#8221;justified&#8221; hover_enabled=&#8221;0&#8243; border_width_bottom=&#8221;1px&#8221; border_color_bottom=&#8221;#E02B20&#8243; global_colors_info=&#8221;{}&#8221; sticky_enabled=&#8221;0&#8243;]<\/p>\n<h3 style=\"text-align: left;\">Proiectare \u0219i Design<\/h3>\n<p>[\/et_pb_text][\/et_pb_column][et_pb_column type=&#8221;3_5&#8243; _builder_version=&#8221;4.19.2&#8243; _module_preset=&#8221;default&#8221; global_colors_info=&#8221;{}&#8221;][et_pb_text _builder_version=&#8221;4.27.0&#8243; _module_preset=&#8221;b568c7a0-3812-4f7e-8554-13d449b35cb4&#8243; text_font=&#8221;Century Gothic||||||||&#8221; text_text_color=&#8221;#000000&#8243; hover_enabled=&#8221;0&#8243; global_colors_info=&#8221;{}&#8221; sticky_enabled=&#8221;0&#8243;]<\/p>\n<ul class=\"ul1\">\n<li style=\"text-align: justify;\"><strong>Proiecte Tehnice<\/strong>: Elabor\u0103m studii de prefezabilitate, fezabilitate, proiecte preliminare, evalu\u0103ri de costuri, proiecte pentru licita\u021bii, proiecte pentru autorizare lucrari \u0219i de executie, adaptate nevoilor \u0219i normelor fiec\u0103rui client.<span class=\"s1\"><\/span><\/li>\n<\/ul>\n<p>[\/et_pb_text][\/et_pb_column][\/et_pb_row][et_pb_row column_structure=&#8221;2_5,3_5&#8243; _builder_version=&#8221;4.19.2&#8243; _module_preset=&#8221;default&#8221; global_colors_info=&#8221;{}&#8221;][et_pb_column type=&#8221;2_5&#8243; _builder_version=&#8221;4.19.2&#8243; _module_preset=&#8221;default&#8221; global_colors_info=&#8221;{}&#8221;][et_pb_text _builder_version=&#8221;4.27.0&#8243; _module_preset=&#8221;c287f112-e86a-413e-b6ce-37a34b238304&#8243; text_font=&#8221;Century Gothic||||||||&#8221; text_text_color=&#8221;#000000&#8243; text_font_size=&#8221;16px&#8221; text_line_height=&#8221;2em&#8221; header_2_font=&#8221;||||||||&#8221; header_3_font=&#8221;Century Gothic|600|||||||&#8221; header_3_line_height=&#8221;1.6em&#8221; text_orientation=&#8221;justified&#8221; hover_enabled=&#8221;0&#8243; border_width_bottom=&#8221;1px&#8221; border_color_bottom=&#8221;#E02B20&#8243; global_colors_info=&#8221;{}&#8221; sticky_enabled=&#8221;0&#8243;]<\/p>\n<h3 style=\"text-align: left;\">Siguran\u021b\u0103<\/h3>\n<p>[\/et_pb_text][\/et_pb_column][et_pb_column type=&#8221;3_5&#8243; _builder_version=&#8221;4.19.2&#8243; _module_preset=&#8221;default&#8221; global_colors_info=&#8221;{}&#8221;][et_pb_text _builder_version=&#8221;4.27.0&#8243; _module_preset=&#8221;b568c7a0-3812-4f7e-8554-13d449b35cb4&#8243; text_font=&#8221;Century Gothic||||||||&#8221; text_text_color=&#8221;#000000&#8243; hover_enabled=&#8221;0&#8243; global_colors_info=&#8221;{}&#8221; sticky_enabled=&#8221;0&#8243;]<\/p>\n<ul class=\"ul1\">\n<li style=\"text-align: justify;\"><strong><span>Studii\/planuri de siguran\u021b\u0103 \u0219i s\u0103n\u0103tate \u0219i coordonare<\/span><\/strong><span>: Realiz\u0103m planuri de siguran\u021b\u0103 \u0219i s\u0103n\u0103tate \u00een munc\u0103, coordonare SSM a \u0219antierelor, dezvolt\u0103m planuri pentru situa\u021bii urgen\u021b\u0103, asigur\u00e2nd o gestionare riguroas\u0103 a tuturor aspectelor legate de siguran\u021b\u0103 \u0219i s\u0103n\u0103tate.<\/span><span class=\"s1\"><\/span><\/li>\n<\/ul>\n<p>[\/et_pb_text][\/et_pb_column][\/et_pb_row][et_pb_row column_structure=&#8221;2_5,3_5&#8243; _builder_version=&#8221;4.19.2&#8243; _module_preset=&#8221;default&#8221; global_colors_info=&#8221;{}&#8221;][et_pb_column type=&#8221;2_5&#8243; _builder_version=&#8221;4.19.2&#8243; _module_preset=&#8221;default&#8221; global_colors_info=&#8221;{}&#8221;][et_pb_text _builder_version=&#8221;4.27.0&#8243; _module_preset=&#8221;c287f112-e86a-413e-b6ce-37a34b238304&#8243; text_font=&#8221;Century Gothic||||||||&#8221; text_text_color=&#8221;#000000&#8243; text_font_size=&#8221;16px&#8221; text_line_height=&#8221;2em&#8221; header_2_font=&#8221;||||||||&#8221; header_3_font=&#8221;Century Gothic|600|||||||&#8221; header_3_line_height=&#8221;1.6em&#8221; text_orientation=&#8221;justified&#8221; hover_enabled=&#8221;0&#8243; border_width_bottom=&#8221;1px&#8221; border_color_bottom=&#8221;#E02B20&#8243; global_colors_info=&#8221;{}&#8221; sticky_enabled=&#8221;0&#8243;]<\/p>\n<h3><strong><span>Management Legal<\/span><\/strong><\/h3>\n<p>[\/et_pb_text][\/et_pb_column][et_pb_column type=&#8221;3_5&#8243; _builder_version=&#8221;4.19.2&#8243; _module_preset=&#8221;default&#8221; global_colors_info=&#8221;{}&#8221;][et_pb_text _builder_version=&#8221;4.27.0&#8243; _module_preset=&#8221;b568c7a0-3812-4f7e-8554-13d449b35cb4&#8243; text_font=&#8221;Century Gothic||||||||&#8221; text_text_color=&#8221;#000000&#8243; hover_enabled=&#8221;0&#8243; global_colors_info=&#8221;{}&#8221; sticky_enabled=&#8221;0&#8243;]<\/p>\n<ul class=\"ul1\">\n<li style=\"text-align: justify;\"><strong>Avize \u0219i autoriza\u021bii <\/strong>: Gestion\u0103m ob\u021binerea autoriza\u021biilor de construc\u021bie, autoriza\u021biilor de func\u021bionare \u0219i altor autoriza\u021bii necesare pentru a asigura conformitatea fiec\u0103rui proiect cu toate reglement\u0103rile aplicabile.<\/li>\n<li style=\"text-align: justify;\"><strong>\u00cenregistrarea \u00een registre oficiale<\/strong>: Oferim \u00eendrumare privind \u00eenregistrarea \u00een registrele oficiale (Pompieri, Mediu, Alimenta\u021bie, S\u0103n\u0103tate, Industrie etc.), asigur\u00e2nd respectarea cerin\u021belor legale specifice fiec\u0103rui sector.<span class=\"s1\"><\/span><\/li>\n<\/ul>\n<p>[\/et_pb_text][\/et_pb_column][\/et_pb_row][et_pb_row column_structure=&#8221;2_5,3_5&#8243; _builder_version=&#8221;4.19.2&#8243; _module_preset=&#8221;default&#8221; global_colors_info=&#8221;{}&#8221;][et_pb_column type=&#8221;2_5&#8243; _builder_version=&#8221;4.19.2&#8243; _module_preset=&#8221;default&#8221; global_colors_info=&#8221;{}&#8221;][et_pb_text _builder_version=&#8221;4.27.0&#8243; _module_preset=&#8221;c287f112-e86a-413e-b6ce-37a34b238304&#8243; text_font=&#8221;Century Gothic||||||||&#8221; text_text_color=&#8221;#000000&#8243; text_font_size=&#8221;16px&#8221; text_line_height=&#8221;2em&#8221; header_2_font=&#8221;||||||||&#8221; header_3_font=&#8221;Century Gothic|600|||||||&#8221; header_3_line_height=&#8221;1.6em&#8221; text_orientation=&#8221;justified&#8221; hover_enabled=&#8221;0&#8243; border_width_bottom=&#8221;1px&#8221; border_color_bottom=&#8221;#E02B20&#8243; global_colors_info=&#8221;{}&#8221; sticky_enabled=&#8221;0&#8243;]<\/p>\n<h3 style=\"text-align: left;\">Controlul Calit\u0103\u021bii<\/h3>\n<p>[\/et_pb_text][\/et_pb_column][et_pb_column type=&#8221;3_5&#8243; _builder_version=&#8221;4.19.2&#8243; _module_preset=&#8221;default&#8221; global_colors_info=&#8221;{}&#8221;][et_pb_text _builder_version=&#8221;4.27.0&#8243; _module_preset=&#8221;b568c7a0-3812-4f7e-8554-13d449b35cb4&#8243; text_font=&#8221;Century Gothic||||||||&#8221; text_text_color=&#8221;#000000&#8243; hover_enabled=&#8221;0&#8243; global_colors_info=&#8221;{}&#8221; sticky_enabled=&#8221;0&#8243;]<\/p>\n<ul class=\"ul1\">\n<li style=\"text-align: justify;\"><strong><span>Asigurarea calit\u0103\u021bii<\/span><\/strong><span>: Asigur\u0103m c\u0103 toate aspectele proiectului \u00eendeplinesc cele mai \u00eenalte standarde de calitate printr-o abordare cuprinz\u0103toare, care include testarea \u0219i inspec\u021bia materialelor \u0219i procedurilor, precum \u0219i verificarea documentelor.<\/span><span class=\"s1\"><\/span><\/li>\n<\/ul>\n<p>[\/et_pb_text][\/et_pb_column][\/et_pb_row][et_pb_row column_structure=&#8221;2_5,3_5&#8243; _builder_version=&#8221;4.19.2&#8243; _module_preset=&#8221;default&#8221; global_colors_info=&#8221;{}&#8221;][et_pb_column type=&#8221;2_5&#8243; _builder_version=&#8221;4.19.2&#8243; _module_preset=&#8221;default&#8221; global_colors_info=&#8221;{}&#8221;][et_pb_text _builder_version=&#8221;4.27.0&#8243; _module_preset=&#8221;c287f112-e86a-413e-b6ce-37a34b238304&#8243; text_font=&#8221;Century Gothic||||||||&#8221; text_text_color=&#8221;#000000&#8243; text_font_size=&#8221;16px&#8221; text_line_height=&#8221;2em&#8221; header_2_font=&#8221;||||||||&#8221; header_3_font=&#8221;Century Gothic|600|||||||&#8221; header_3_line_height=&#8221;1.6em&#8221; text_orientation=&#8221;justified&#8221; hover_enabled=&#8221;0&#8243; border_width_bottom=&#8221;1px&#8221; border_color_bottom=&#8221;#E02B20&#8243; global_colors_info=&#8221;{}&#8221; sticky_enabled=&#8221;0&#8243;]<\/p>\n<h3><strong><span>Management de Proiect<\/span><\/strong><\/h3>\n<p>[\/et_pb_text][\/et_pb_column][et_pb_column type=&#8221;3_5&#8243; _builder_version=&#8221;4.19.2&#8243; _module_preset=&#8221;default&#8221; global_colors_info=&#8221;{}&#8221;][et_pb_text _builder_version=&#8221;4.27.0&#8243; _module_preset=&#8221;b568c7a0-3812-4f7e-8554-13d449b35cb4&#8243; text_font=&#8221;Century Gothic||||||||&#8221; text_text_color=&#8221;#000000&#8243; hover_enabled=&#8221;0&#8243; global_colors_info=&#8221;{}&#8221; sticky_enabled=&#8221;0&#8243;]<\/p>\n<ul>\n<li style=\"text-align: justify;\"><strong>Coordonare complet\u0103 a proiectului<\/strong>: Gestion\u0103m fiecare faz\u0103 a procesului de construc\u021bie, de la designul preliminar p\u00e2n\u0103 la darea \u00een folosin\u021b\u0103. Aceasta include planificare, redactarea contractelor, specifica\u021bii tehnice, controlul costurilor, calit\u0103\u021bii \u0219i termenele de livrare, precum \u0219i inspec\u021biile \u0219i vizitele pe \u0219antier.<\/li>\n<li style=\"text-align: justify;\"><strong>Managementul contractelor<\/strong>: Oferim consultan\u021b\u0103 \u0219i gestion\u0103m contractele necesare, fie prin pachete specifice dedicate, fie cu un antreprenor general, asigur\u00e2nd executarea eficient\u0103 a fiec\u0103rei etape a proiectului.<\/li>\n<\/ul>\n<p>[\/et_pb_text][\/et_pb_column][\/et_pb_row][\/et_pb_section]<\/p>\n","protected":false},"excerpt":{"rendered":"<p>Servicii La Plot Plan, oferim solu\u021bii complete de consultan\u021b\u0103 \u00een inginerie \u0219i arhitectur\u0103, concepute pentru a transforma ideile tale \u00een realit\u0103\u021bi sustenabile \u0219i eficiente. Echipa noastr\u0103 de exper\u021bi combin\u0103 inova\u021bia \u0219i experien\u021ba pentru a furniza servicii care variaz\u0103 de la design conceptual p\u00e2n\u0103 la supravegherea execu\u021biei proiectelor.Consultan\u021b\u0103 Studii de amplasament \u0219i selectarea terenului: Oferim solu\u021bii [&hellip;]<\/p>\n","protected":false},"author":1,"featured_media":0,"parent":0,"menu_order":0,"comment_status":"closed","ping_status":"closed","template":"","meta":{"_et_pb_use_builder":"on","_et_pb_old_content":"","_et_gb_content_width":"","_joinchat":[],"footnotes":""},"class_list":["post-681","page","type-page","status-publish","hentry"],"yoast_head":"<!-- This site is optimized with the Yoast SEO plugin v23.5 - https:\/\/yoast.com\/wordpress\/plugins\/seo\/ -->\n<title>Servicii - Plot Plan<\/title>\n<meta name=\"description\" content=\"Ofrecemos servicios de ingenier\u00eda y arquitectura, desde la consultor\u00eda en selecci\u00f3n de terrenos hasta la gesti\u00f3n integral de proyectos.\" \/>\n<meta name=\"robots\" content=\"index, follow, max-snippet:-1, max-image-preview:large, max-video-preview:-1\" \/>\n<link rel=\"canonical\" href=\"https:\/\/plotplan.es\/ro\/servicii\/\" \/>\n<meta property=\"og:locale\" content=\"ro_RO\" \/>\n<meta property=\"og:type\" content=\"article\" \/>\n<meta property=\"og:title\" content=\"Servicii - Plot Plan\" \/>\n<meta property=\"og:description\" content=\"Ofrecemos servicios de ingenier\u00eda y arquitectura, desde la consultor\u00eda en selecci\u00f3n de terrenos hasta la gesti\u00f3n integral de proyectos.\" \/>\n<meta property=\"og:url\" content=\"https:\/\/plotplan.es\/ro\/servicii\/\" \/>\n<meta property=\"og:site_name\" content=\"Plot Plan\" \/>\n<meta property=\"article:modified_time\" content=\"2024-11-22T11:03:28+00:00\" \/>\n<meta name=\"twitter:card\" content=\"summary_large_image\" \/>\n<meta name=\"twitter:label1\" content=\"Timp estimat pentru citire\" \/>\n\t<meta name=\"twitter:data1\" content=\"3 minute\" \/>\n<script type=\"application\/ld+json\" class=\"yoast-schema-graph\">{\"@context\":\"https:\/\/schema.org\",\"@graph\":[{\"@type\":\"WebPage\",\"@id\":\"https:\/\/plotplan.es\/ro\/servicii\/\",\"url\":\"https:\/\/plotplan.es\/ro\/servicii\/\",\"name\":\"Servicii - Plot Plan\",\"isPartOf\":{\"@id\":\"https:\/\/plotplan.es\/ro\/#website\"},\"datePublished\":\"2024-10-14T06:05:59+00:00\",\"dateModified\":\"2024-11-22T11:03:28+00:00\",\"description\":\"Ofrecemos servicios de ingenier\u00eda y arquitectura, desde la consultor\u00eda en selecci\u00f3n de terrenos hasta la gesti\u00f3n integral de proyectos.\",\"breadcrumb\":{\"@id\":\"https:\/\/plotplan.es\/ro\/servicii\/#breadcrumb\"},\"inLanguage\":\"ro-RO\",\"potentialAction\":[{\"@type\":\"ReadAction\",\"target\":[\"https:\/\/plotplan.es\/ro\/servicii\/\"]}]},{\"@type\":\"BreadcrumbList\",\"@id\":\"https:\/\/plotplan.es\/ro\/servicii\/#breadcrumb\",\"itemListElement\":[{\"@type\":\"ListItem\",\"position\":1,\"name\":\"Portada\",\"item\":\"https:\/\/plotplan.es\/ro\/acasa\/\"},{\"@type\":\"ListItem\",\"position\":2,\"name\":\"Servicii\"}]},{\"@type\":\"WebSite\",\"@id\":\"https:\/\/plotplan.es\/ro\/#website\",\"url\":\"https:\/\/plotplan.es\/ro\/\",\"name\":\"Plot Plan\",\"description\":\"\",\"potentialAction\":[{\"@type\":\"SearchAction\",\"target\":{\"@type\":\"EntryPoint\",\"urlTemplate\":\"https:\/\/plotplan.es\/ro\/?s={search_term_string}\"},\"query-input\":{\"@type\":\"PropertyValueSpecification\",\"valueRequired\":true,\"valueName\":\"search_term_string\"}}],\"inLanguage\":\"ro-RO\"}]}<\/script>\n<!-- \/ Yoast SEO plugin. -->","yoast_head_json":{"title":"Servicii - Plot Plan","description":"Ofrecemos servicios de ingenier\u00eda y arquitectura, desde la consultor\u00eda en selecci\u00f3n de terrenos hasta la gesti\u00f3n integral de proyectos.","robots":{"index":"index","follow":"follow","max-snippet":"max-snippet:-1","max-image-preview":"max-image-preview:large","max-video-preview":"max-video-preview:-1"},"canonical":"https:\/\/plotplan.es\/ro\/servicii\/","og_locale":"ro_RO","og_type":"article","og_title":"Servicii - Plot Plan","og_description":"Ofrecemos servicios de ingenier\u00eda y arquitectura, desde la consultor\u00eda en selecci\u00f3n de terrenos hasta la gesti\u00f3n integral de proyectos.","og_url":"https:\/\/plotplan.es\/ro\/servicii\/","og_site_name":"Plot Plan","article_modified_time":"2024-11-22T11:03:28+00:00","twitter_card":"summary_large_image","twitter_misc":{"Timp estimat pentru citire":"3 minute"},"schema":{"@context":"https:\/\/schema.org","@graph":[{"@type":"WebPage","@id":"https:\/\/plotplan.es\/ro\/servicii\/","url":"https:\/\/plotplan.es\/ro\/servicii\/","name":"Servicii - Plot Plan","isPartOf":{"@id":"https:\/\/plotplan.es\/ro\/#website"},"datePublished":"2024-10-14T06:05:59+00:00","dateModified":"2024-11-22T11:03:28+00:00","description":"Ofrecemos servicios de ingenier\u00eda y arquitectura, desde la consultor\u00eda en selecci\u00f3n de terrenos hasta la gesti\u00f3n integral de proyectos.","breadcrumb":{"@id":"https:\/\/plotplan.es\/ro\/servicii\/#breadcrumb"},"inLanguage":"ro-RO","potentialAction":[{"@type":"ReadAction","target":["https:\/\/plotplan.es\/ro\/servicii\/"]}]},{"@type":"BreadcrumbList","@id":"https:\/\/plotplan.es\/ro\/servicii\/#breadcrumb","itemListElement":[{"@type":"ListItem","position":1,"name":"Portada","item":"https:\/\/plotplan.es\/ro\/acasa\/"},{"@type":"ListItem","position":2,"name":"Servicii"}]},{"@type":"WebSite","@id":"https:\/\/plotplan.es\/ro\/#website","url":"https:\/\/plotplan.es\/ro\/","name":"Plot Plan","description":"","potentialAction":[{"@type":"SearchAction","target":{"@type":"EntryPoint","urlTemplate":"https:\/\/plotplan.es\/ro\/?s={search_term_string}"},"query-input":{"@type":"PropertyValueSpecification","valueRequired":true,"valueName":"search_term_string"}}],"inLanguage":"ro-RO"}]}},"_links":{"self":[{"href":"https:\/\/plotplan.es\/ro\/wp-json\/wp\/v2\/pages\/681"}],"collection":[{"href":"https:\/\/plotplan.es\/ro\/wp-json\/wp\/v2\/pages"}],"about":[{"href":"https:\/\/plotplan.es\/ro\/wp-json\/wp\/v2\/types\/page"}],"author":[{"embeddable":true,"href":"https:\/\/plotplan.es\/ro\/wp-json\/wp\/v2\/users\/1"}],"replies":[{"embeddable":true,"href":"https:\/\/plotplan.es\/ro\/wp-json\/wp\/v2\/comments?post=681"}],"version-history":[{"count":3,"href":"https:\/\/plotplan.es\/ro\/wp-json\/wp\/v2\/pages\/681\/revisions"}],"predecessor-version":[{"id":689,"href":"https:\/\/plotplan.es\/ro\/wp-json\/wp\/v2\/pages\/681\/revisions\/689"}],"wp:attachment":[{"href":"https:\/\/plotplan.es\/ro\/wp-json\/wp\/v2\/media?parent=681"}],"curies":[{"name":"wp","href":"https:\/\/api.w.org\/{rel}","templated":true}]}}