{"id":671,"date":"2024-10-13T15:30:54","date_gmt":"2024-10-13T15:30:54","guid":{"rendered":"https:\/\/plotplan.es\/ambitos-de-trabajo\/"},"modified":"2024-11-22T10:49:10","modified_gmt":"2024-11-22T10:49:10","slug":"domenii-de-activitate","status":"publish","type":"page","link":"https:\/\/plotplan.es\/ro\/domenii-de-activitate\/","title":{"rendered":"Domenii de activitate"},"content":{"rendered":"<p>[et_pb_section fb_built=&#8221;1&#8243; admin_label=&#8221;Hero&#8221; _builder_version=&#8221;4.27.0&#8243; background_enable_color=&#8221;off&#8221; use_background_color_gradient=&#8221;on&#8221; background_color_gradient_direction=&#8221;170deg&#8221; background_color_gradient_stops=&#8221;rgba(255,255,255,0) 0%|#e02b20 99%&#8221; background_color_gradient_overlays_image=&#8221;on&#8221; background_color_gradient_start=&#8221;#002e4f&#8221; background_color_gradient_start_position=&#8221;1%&#8221; background_color_gradient_end=&#8221;rgba(8,70,102,0.8)&#8221; background_image=&#8221;https:\/\/plotplan.es\/wp-content\/uploads\/2024\/10\/AMBITOS_TRABAJO.jpg&#8221; custom_padding=&#8221;|||&#8221; locked=&#8221;off&#8221; global_colors_info=&#8221;{}&#8221;][et_pb_row _builder_version=&#8221;4.16&#8243; background_size=&#8221;initial&#8221; background_position=&#8221;top_left&#8221; background_repeat=&#8221;repeat&#8221; custom_padding=&#8221;27px|0px|27px|0px|false|false&#8221; global_colors_info=&#8221;{}&#8221;][et_pb_column type=&#8221;4_4&#8243; _builder_version=&#8221;4.16&#8243; custom_padding=&#8221;|||&#8221; global_colors_info=&#8221;{}&#8221; custom_padding__hover=&#8221;|||&#8221;][et_pb_text _builder_version=&#8221;4.27.0&#8243; text_font=&#8221;Century Gothic||||||||&#8221; text_font_size=&#8221;20px&#8221; text_line_height=&#8221;1.8em&#8221; header_font=&#8221;Century Gothic|800|||||||&#8221; header_font_size=&#8221;60px&#8221; header_line_height=&#8221;1.3em&#8221; background_size=&#8221;initial&#8221; background_position=&#8221;top_left&#8221; background_repeat=&#8221;repeat&#8221; background_layout=&#8221;dark&#8221; max_width=&#8221;600px&#8221; custom_margin=&#8221;|||&#8221; custom_margin_tablet=&#8221;|100px||&#8221; custom_margin_phone=&#8221;|30px||&#8221; custom_margin_last_edited=&#8221;off|desktop&#8221; hover_enabled=&#8221;0&#8243; text_font_size_tablet=&#8221;20px&#8221; text_font_size_phone=&#8221;17px&#8221; text_font_size_last_edited=&#8221;on|phone&#8221; header_font_size_tablet=&#8221;50px&#8221; header_font_size_phone=&#8221;40px&#8221; header_font_size_last_edited=&#8221;on|phone&#8221; header_line_height_tablet=&#8221;&#8221; header_line_height_phone=&#8221;&#8221; header_line_height_last_edited=&#8221;on|desktop&#8221; global_colors_info=&#8221;{}&#8221; sticky_enabled=&#8221;0&#8243;]<\/p>\n<h1 class=\"p1\">Domenii de activitate<\/h1>\n<p>Suntem specializa\u021bi \u00een diverse domenii de activitate, oferind solu\u021bii complete, de la conceperea ideilor p\u00e2n\u0103 la execu\u021bia proiectelor. Experien\u021ba \u0219i versatilitatea noastr\u0103 ne permit s\u0103 ne adapt\u0103m la nevoile specifice ale fiec\u0103rui sector, asigur\u00e2nd rezultate de \u00eenalt\u0103 calitate.[\/et_pb_text][\/et_pb_column][\/et_pb_row][\/et_pb_section][et_pb_section fb_built=&#8221;1&#8243; admin_label=&#8221;Services&#8221; _builder_version=&#8221;4.16&#8243; global_colors_info=&#8221;{}&#8221;][et_pb_row _builder_version=&#8221;4.27.0&#8243; _module_preset=&#8221;default&#8221; locked=&#8221;off&#8221; global_colors_info=&#8221;{}&#8221;][et_pb_column type=&#8221;4_4&#8243; _builder_version=&#8221;4.19.2&#8243; _module_preset=&#8221;default&#8221; global_colors_info=&#8221;{}&#8221;][et_pb_text _builder_version=&#8221;4.27.0&#8243; _module_preset=&#8221;3ee5d109-1146-4734-9b6c-3c8b67e764bd&#8221; header_font_size=&#8221;42px&#8221; header_2_font=&#8221;Century Gothic|600||on|||||&#8221; header_2_text_color=&#8221;#000000&#8243; header_2_font_size=&#8221;38px&#8221; header_3_font=&#8221;Century Gothic|600|||||||&#8221; header_3_text_color=&#8221;#000000&#8243; text_orientation=&#8221;center&#8221; hover_enabled=&#8221;0&#8243; border_width_bottom=&#8221;1px&#8221; border_color_bottom=&#8221;#E02B20&#8243; locked=&#8221;off&#8221; global_colors_info=&#8221;{}&#8221; sticky_enabled=&#8221;0&#8243;]<\/p>\n<h2>Construc\u021bii<\/h2>\n<p>[\/et_pb_text][et_pb_text _builder_version=&#8221;4.27.0&#8243; _module_preset=&#8221;ca1ae0e4-c143-4fd2-9d74-3e4ef7d9a46a&#8221; text_font=&#8221;Century Gothic||||||||&#8221; text_text_color=&#8221;#000000&#8243; hover_enabled=&#8221;0&#8243; global_colors_info=&#8221;{}&#8221; sticky_enabled=&#8221;0&#8243;]<\/p>\n<p class=\"p1\" style=\"text-align: center;\">Suntem exper\u021bi \u00een sectorul construc\u021biilor, acoperind o gam\u0103 larg\u0103 de proiecte industriale, reziden\u021biale \u0219i civile. Experien\u021ba noastr\u0103 \u00een construc\u021bii include:<\/p>\n<p>[\/et_pb_text][\/et_pb_column][\/et_pb_row][et_pb_row column_structure=&#8221;1_3,1_3,1_3&#8243; _builder_version=&#8221;4.16&#8243; border_radii=&#8221;on|6px|6px|6px|6px&#8221; global_colors_info=&#8221;{}&#8221;][et_pb_column type=&#8221;1_3&#8243; _builder_version=&#8221;4.16&#8243; custom_padding=&#8221;|||&#8221; global_colors_info=&#8221;{}&#8221; custom_padding__hover=&#8221;|||&#8221;][et_pb_text _builder_version=&#8221;4.27.0&#8243; text_font=&#8221;Century Gothic||||||||&#8221; text_font_size=&#8221;16px&#8221; text_line_height=&#8221;2em&#8221; header_font=&#8221;||||||||&#8221; header_2_font=&#8221;||||||||&#8221; header_3_font=&#8221;Century Gothic|600|||||||&#8221; header_3_line_height=&#8221;1.6em&#8221; text_orientation=&#8221;justified&#8221; height=&#8221;300px&#8221; hover_enabled=&#8221;0&#8243; text_font_size_tablet=&#8221;15px&#8221; text_font_size_phone=&#8221;14px&#8221; text_font_size_last_edited=&#8221;on|phone&#8221; global_colors_info=&#8221;{}&#8221; sticky_enabled=&#8221;0&#8243;]<\/p>\n<h3><span class=\"s1\"><\/span><b>Construc\u021bii Industriale<\/b><\/h3>\n<p><span class=\"s1\"><\/span>Proiect\u0103m \u0219i gestion\u0103m construc\u021bia de fabrici \u0219i depozite, optimiz\u00e2nd fiecare aspect pentru a asigura eficien\u021ba opera\u021bional\u0103 maxim\u0103 \u0219i respectarea normelor.<\/p>\n<p>[\/et_pb_text][et_pb_image src=&#8221;https:\/\/plotplan.es\/wp-content\/uploads\/2024\/10\/ambitos_1_r.webp&#8221; title_text=&#8221;ambitos_1_r&#8221; _builder_version=&#8221;4.27.0&#8243; _module_preset=&#8221;default&#8221; global_colors_info=&#8221;{}&#8221;][\/et_pb_image][\/et_pb_column][et_pb_column type=&#8221;1_3&#8243; _builder_version=&#8221;4.16&#8243; custom_padding=&#8221;|||&#8221; global_colors_info=&#8221;{}&#8221; custom_padding__hover=&#8221;|||&#8221;][et_pb_text _builder_version=&#8221;4.27.0&#8243; text_font=&#8221;Century Gothic||||||||&#8221; text_font_size=&#8221;16px&#8221; text_line_height=&#8221;2em&#8221; header_font=&#8221;||||||||&#8221; header_2_font=&#8221;||||||||&#8221; header_3_font=&#8221;Century Gothic|600|||||||&#8221; header_3_line_height=&#8221;1.6em&#8221; text_orientation=&#8221;justified&#8221; height=&#8221;300px&#8221; hover_enabled=&#8221;0&#8243; text_font_size_tablet=&#8221;15px&#8221; text_font_size_phone=&#8221;14px&#8221; text_font_size_last_edited=&#8221;on|phone&#8221; locked=&#8221;off&#8221; global_colors_info=&#8221;{}&#8221; sticky_enabled=&#8221;0&#8243;]<\/p>\n<h3><strong>Construc\u021bii Reziden\u021biale<\/strong><\/h3>\n<p>Dezvolt\u0103m proiecte reziden\u021biale care \u00eembin\u0103 designul func\u021bional \u0219i estetic cu accent pe sustenabilitate \u0219i calitatea vie\u021bii locuitorilor.<\/p>\n<p>[\/et_pb_text][et_pb_image src=&#8221;https:\/\/plotplan.es\/wp-content\/uploads\/2024\/10\/ambitos_2_r.webp&#8221; title_text=&#8221;ambitos_2_r&#8221; _builder_version=&#8221;4.27.0&#8243; _module_preset=&#8221;default&#8221; global_colors_info=&#8221;{}&#8221;][\/et_pb_image][\/et_pb_column][et_pb_column type=&#8221;1_3&#8243; _builder_version=&#8221;4.16&#8243; custom_padding=&#8221;|||&#8221; global_colors_info=&#8221;{}&#8221; custom_padding__hover=&#8221;|||&#8221;][et_pb_text _builder_version=&#8221;4.27.0&#8243; text_font=&#8221;Century Gothic||||||||&#8221; text_font_size=&#8221;16px&#8221; text_line_height=&#8221;2em&#8221; header_font=&#8221;||||||||&#8221; header_2_font=&#8221;||||||||&#8221; header_3_font=&#8221;Century Gothic|600|||||||&#8221; header_3_line_height=&#8221;1.6em&#8221; text_orientation=&#8221;justified&#8221; height=&#8221;300px&#8221; hover_enabled=&#8221;0&#8243; text_font_size_tablet=&#8221;15px&#8221; text_font_size_phone=&#8221;14px&#8221; text_font_size_last_edited=&#8221;on|phone&#8221; locked=&#8221;off&#8221; global_colors_info=&#8221;{}&#8221; sticky_enabled=&#8221;0&#8243;]<\/p>\n<h3><strong>Construc\u021bii Civile<\/strong><\/h3>\n<p>Realiz\u0103m proiecte de urbanism, infrastructur\u0103 urban\u0103 \u0219i cl\u0103diri precum \u0219coli, centre de s\u0103n\u0103tate, facilit\u0103\u021bi sportive, birouri, cu accent pe \u00eembun\u0103t\u0103\u021birea calit\u0103\u021bii vie\u021bii \u00een ora\u0219e \u0219i dezvoltarea durabil\u0103 a comunit\u0103\u021bilor.<\/p>\n<p>[\/et_pb_text][et_pb_image src=&#8221;https:\/\/plotplan.es\/wp-content\/uploads\/2024\/10\/ambitos_3_r.webp&#8221; title_text=&#8221;ambitos_3_r&#8221; _builder_version=&#8221;4.27.0&#8243; _module_preset=&#8221;default&#8221; global_colors_info=&#8221;{}&#8221;][\/et_pb_image][\/et_pb_column][\/et_pb_row][\/et_pb_section][et_pb_section fb_built=&#8221;1&#8243; admin_label=&#8221;Services&#8221; _builder_version=&#8221;4.16&#8243; global_colors_info=&#8221;{}&#8221;][et_pb_row _builder_version=&#8221;4.27.0&#8243; _module_preset=&#8221;default&#8221; locked=&#8221;off&#8221; global_colors_info=&#8221;{}&#8221;][et_pb_column type=&#8221;4_4&#8243; _builder_version=&#8221;4.19.2&#8243; _module_preset=&#8221;default&#8221; global_colors_info=&#8221;{}&#8221;][et_pb_text _builder_version=&#8221;4.27.0&#8243; _module_preset=&#8221;3ee5d109-1146-4734-9b6c-3c8b67e764bd&#8221; header_font_size=&#8221;42px&#8221; header_2_font=&#8221;Century Gothic|600||on|||||&#8221; header_2_text_color=&#8221;#000000&#8243; header_2_font_size=&#8221;38px&#8221; header_3_font=&#8221;Century Gothic|600|||||||&#8221; header_3_text_color=&#8221;#000000&#8243; text_orientation=&#8221;center&#8221; hover_enabled=&#8221;0&#8243; border_width_bottom=&#8221;1px&#8221; border_color_bottom=&#8221;#E02B20&#8243; locked=&#8221;off&#8221; global_colors_info=&#8221;{}&#8221; sticky_enabled=&#8221;0&#8243;]<\/p>\n<h2>Energie<\/h2>\n<p>[\/et_pb_text][et_pb_text _builder_version=&#8221;4.27.0&#8243; _module_preset=&#8221;ca1ae0e4-c143-4fd2-9d74-3e4ef7d9a46a&#8221; text_font=&#8221;Century Gothic||||||||&#8221; text_line_height=&#8221;2em&#8221; header_font=&#8221;||||||||&#8221; header_2_font=&#8221;||||||||&#8221; header_3_font=&#8221;Century Gothic|600|||||||&#8221; header_3_line_height=&#8221;1.6em&#8221; text_orientation=&#8221;justified&#8221; hover_enabled=&#8221;0&#8243; global_colors_info=&#8221;{}&#8221; sticky_enabled=&#8221;0&#8243;]<\/p>\n<p>Specializarea noastr\u0103 \u00een sectorul energetic ne permite s\u0103 oferim solu\u021bii inovatoare \u0219i sustenabile pentru proiectele de generare \u0219i distribu\u021bie a energiei. <span>\u00cen acest domeniu, ne concentr\u0103m pe:<\/span><\/p>\n<p>[\/et_pb_text][\/et_pb_column][\/et_pb_row][et_pb_row column_structure=&#8221;1_2,1_2&#8243; _builder_version=&#8221;4.27.0&#8243; border_radii=&#8221;on|6px|6px|6px|6px&#8221; global_colors_info=&#8221;{}&#8221;][et_pb_column type=&#8221;1_2&#8243; _builder_version=&#8221;4.16&#8243; custom_padding=&#8221;|||&#8221; global_colors_info=&#8221;{}&#8221; custom_padding__hover=&#8221;|||&#8221;][et_pb_text _builder_version=&#8221;4.27.0&#8243; text_font=&#8221;Century Gothic||||||||&#8221; text_font_size=&#8221;16px&#8221; text_line_height=&#8221;2em&#8221; header_font=&#8221;||||||||&#8221; header_2_font=&#8221;||||||||&#8221; header_3_font=&#8221;Century Gothic|600|||||||&#8221; header_3_line_height=&#8221;1.6em&#8221; text_orientation=&#8221;justified&#8221; height=&#8221;180px&#8221; hover_enabled=&#8221;0&#8243; text_font_size_tablet=&#8221;15px&#8221; text_font_size_phone=&#8221;14px&#8221; text_font_size_last_edited=&#8221;on|phone&#8221; global_colors_info=&#8221;{}&#8221; sticky_enabled=&#8221;0&#8243;]<span class=\"s1\"><\/span><b>\u2022\tProiectarea instala\u021biilor energetice<\/b><\/p>\n<p><span class=\"s1\"><\/span>Cre\u0103m instala\u021bii energetice eficiente, inclusiv sisteme electrice, mecanice \u0219i sanitare, adaptate nevoilor specifice ale fiec\u0103rui client.[\/et_pb_text][et_pb_image src=&#8221;https:\/\/plotplan.es\/wp-content\/uploads\/2024\/10\/ambitos_4_r.webp&#8221; title_text=&#8221;ambitos_4_r&#8221; _builder_version=&#8221;4.27.0&#8243; _module_preset=&#8221;default&#8221; global_colors_info=&#8221;{}&#8221;][\/et_pb_image][\/et_pb_column][et_pb_column type=&#8221;1_2&#8243; _builder_version=&#8221;4.16&#8243; custom_padding=&#8221;|||&#8221; global_colors_info=&#8221;{}&#8221; custom_padding__hover=&#8221;|||&#8221;][et_pb_text _builder_version=&#8221;4.27.0&#8243; text_font=&#8221;Century Gothic||||||||&#8221; text_font_size=&#8221;16px&#8221; text_line_height=&#8221;2em&#8221; header_font=&#8221;||||||||&#8221; header_2_font=&#8221;||||||||&#8221; header_3_font=&#8221;Century Gothic|600|||||||&#8221; header_3_line_height=&#8221;1.6em&#8221; text_orientation=&#8221;justified&#8221; height=&#8221;180px&#8221; hover_enabled=&#8221;0&#8243; text_font_size_tablet=&#8221;15px&#8221; text_font_size_phone=&#8221;14px&#8221; text_font_size_last_edited=&#8221;on|phone&#8221; locked=&#8221;off&#8221; global_colors_info=&#8221;{}&#8221; sticky_enabled=&#8221;0&#8243;]<span class=\"s1\"><\/span><b>\u2022\tGenerarea de energie<\/b><\/p>\n<p><span class=\"s1\"><\/span>Gestion\u0103m proiecte de generare a energiei, cu un accent deosebit pe energiile regenerabile, cum ar fi cea solar\u0103 \u0219i eolian\u0103, contribuind activ la tranzi\u021bia c\u0103tre un viitor mai sustenabil.[\/et_pb_text][et_pb_image src=&#8221;https:\/\/plotplan.es\/wp-content\/uploads\/2024\/10\/ambitos_5_r.webp&#8221; title_text=&#8221;ambitos_5_r&#8221; _builder_version=&#8221;4.27.0&#8243; _module_preset=&#8221;default&#8221; global_colors_info=&#8221;{}&#8221;][\/et_pb_image][\/et_pb_column][\/et_pb_row][\/et_pb_section][et_pb_section fb_built=&#8221;1&#8243; _builder_version=&#8221;4.19.2&#8243; _module_preset=&#8221;default&#8221; overflow-x=&#8221;hidden&#8221; overflow-y=&#8221;hidden&#8221; locked=&#8221;off&#8221; global_colors_info=&#8221;{}&#8221;][et_pb_row _builder_version=&#8221;4.27.0&#8243; _module_preset=&#8221;default&#8221; global_colors_info=&#8221;{}&#8221;][et_pb_column type=&#8221;4_4&#8243; _builder_version=&#8221;4.19.2&#8243; _module_preset=&#8221;default&#8221; global_colors_info=&#8221;{}&#8221;][et_pb_text _builder_version=&#8221;4.27.0&#8243; _module_preset=&#8221;3ee5d109-1146-4734-9b6c-3c8b67e764bd&#8221; header_font_size=&#8221;42px&#8221; header_2_font=&#8221;Century Gothic|600||on|||||&#8221; header_2_text_color=&#8221;#000000&#8243; header_2_font_size=&#8221;38px&#8221; text_orientation=&#8221;center&#8221; hover_enabled=&#8221;0&#8243; border_width_bottom=&#8221;1px&#8221; border_color_bottom=&#8221;#E02B20&#8243; locked=&#8221;off&#8221; global_colors_info=&#8221;{}&#8221; sticky_enabled=&#8221;0&#8243;]<\/p>\n<h2>Mediu<\/h2>\n<p>[\/et_pb_text][et_pb_text _builder_version=&#8221;4.27.0&#8243; _module_preset=&#8221;8a58a8ec-67fc-4f35-8cfe-fcd921158207&#8243; text_font=&#8221;Century Gothic||||||||&#8221; text_font_size=&#8221;16px&#8221; text_line_height=&#8221;2em&#8221; header_font=&#8221;||||||||&#8221; header_2_font=&#8221;||||||||&#8221; header_3_font=&#8221;Century Gothic|600|||||||&#8221; header_3_line_height=&#8221;1.6em&#8221; text_orientation=&#8221;justified&#8221; hover_enabled=&#8221;0&#8243; text_font_size_tablet=&#8221;15px&#8221; text_font_size_phone=&#8221;14px&#8221; text_font_size_last_edited=&#8221;on|phone&#8221; locked=&#8221;off&#8221; global_colors_info=&#8221;{}&#8221; sticky_enabled=&#8221;0&#8243;]<\/p>\n<p>\u00cen domeniul protec\u021biei mediului, lucr\u0103m la proiecte de tratare a apei industriale \u0219i gestionarea de\u0219eurilor, contribuind la \u00eembun\u0103t\u0103\u021birea mediului natural \u0219i respectarea reglement\u0103rilor de mediu.<\/p>\n<p>[\/et_pb_text][et_pb_image src=&#8221;https:\/\/plotplan.es\/wp-content\/uploads\/2024\/10\/ambitos_6.webp&#8221; title_text=&#8221;ambitos_6&#8243; _builder_version=&#8221;4.27.0&#8243; _module_preset=&#8221;default&#8221; width=&#8221;600px&#8221; module_alignment=&#8221;center&#8221; global_colors_info=&#8221;{}&#8221;][\/et_pb_image][\/et_pb_column][\/et_pb_row][\/et_pb_section]<\/p>\n","protected":false},"excerpt":{"rendered":"<p>Domenii de activitate Suntem specializa\u021bi \u00een diverse domenii de activitate, oferind solu\u021bii complete, de la conceperea ideilor p\u00e2n\u0103 la execu\u021bia proiectelor. Experien\u021ba \u0219i versatilitatea noastr\u0103 ne permit s\u0103 ne adapt\u0103m la nevoile specifice ale fiec\u0103rui sector, asigur\u00e2nd rezultate de \u00eenalt\u0103 calitate.Construc\u021biiSuntem exper\u021bi \u00een sectorul construc\u021biilor, acoperind o gam\u0103 larg\u0103 de proiecte industriale, reziden\u021biale \u0219i civile. [&hellip;]<\/p>\n","protected":false},"author":1,"featured_media":0,"parent":0,"menu_order":0,"comment_status":"closed","ping_status":"closed","template":"","meta":{"_et_pb_use_builder":"on","_et_pb_old_content":"","_et_gb_content_width":"","_joinchat":[],"footnotes":""},"class_list":["post-671","page","type-page","status-publish","hentry"],"yoast_head":"<!-- This site is optimized with the Yoast SEO plugin v23.5 - https:\/\/yoast.com\/wordpress\/plugins\/seo\/ -->\n<title>Domenii de activitate - Plot Plan<\/title>\n<meta name=\"description\" content=\"En Plot Plan, nos especializamos en diversos \u00e1mbitos de trabajo desde la concepci\u00f3n de ideas hasta la ejecuci\u00f3n de proyectos.\" \/>\n<meta name=\"robots\" content=\"index, follow, max-snippet:-1, max-image-preview:large, max-video-preview:-1\" \/>\n<link rel=\"canonical\" href=\"https:\/\/plotplan.es\/ro\/domenii-de-activitate\/\" \/>\n<meta property=\"og:locale\" content=\"ro_RO\" \/>\n<meta property=\"og:type\" content=\"article\" \/>\n<meta property=\"og:title\" content=\"Domenii de activitate - Plot Plan\" \/>\n<meta property=\"og:description\" content=\"En Plot Plan, nos especializamos en diversos \u00e1mbitos de trabajo desde la concepci\u00f3n de ideas hasta la ejecuci\u00f3n de proyectos.\" \/>\n<meta property=\"og:url\" content=\"https:\/\/plotplan.es\/ro\/domenii-de-activitate\/\" \/>\n<meta property=\"og:site_name\" content=\"Plot Plan\" \/>\n<meta property=\"article:modified_time\" content=\"2024-11-22T10:49:10+00:00\" \/>\n<meta name=\"twitter:card\" content=\"summary_large_image\" \/>\n<meta name=\"twitter:label1\" content=\"Timp estimat pentru citire\" \/>\n\t<meta name=\"twitter:data1\" content=\"3 minute\" \/>\n<script type=\"application\/ld+json\" class=\"yoast-schema-graph\">{\"@context\":\"https:\/\/schema.org\",\"@graph\":[{\"@type\":\"WebPage\",\"@id\":\"https:\/\/plotplan.es\/ro\/domenii-de-activitate\/\",\"url\":\"https:\/\/plotplan.es\/ro\/domenii-de-activitate\/\",\"name\":\"Domenii de activitate - Plot Plan\",\"isPartOf\":{\"@id\":\"https:\/\/plotplan.es\/ro\/#website\"},\"datePublished\":\"2024-10-13T15:30:54+00:00\",\"dateModified\":\"2024-11-22T10:49:10+00:00\",\"description\":\"En Plot Plan, nos especializamos en diversos \u00e1mbitos de trabajo desde la concepci\u00f3n de ideas hasta la ejecuci\u00f3n de proyectos.\",\"breadcrumb\":{\"@id\":\"https:\/\/plotplan.es\/ro\/domenii-de-activitate\/#breadcrumb\"},\"inLanguage\":\"ro-RO\",\"potentialAction\":[{\"@type\":\"ReadAction\",\"target\":[\"https:\/\/plotplan.es\/ro\/domenii-de-activitate\/\"]}]},{\"@type\":\"BreadcrumbList\",\"@id\":\"https:\/\/plotplan.es\/ro\/domenii-de-activitate\/#breadcrumb\",\"itemListElement\":[{\"@type\":\"ListItem\",\"position\":1,\"name\":\"Portada\",\"item\":\"https:\/\/plotplan.es\/ro\/acasa\/\"},{\"@type\":\"ListItem\",\"position\":2,\"name\":\"Domenii de activitate\"}]},{\"@type\":\"WebSite\",\"@id\":\"https:\/\/plotplan.es\/ro\/#website\",\"url\":\"https:\/\/plotplan.es\/ro\/\",\"name\":\"Plot Plan\",\"description\":\"\",\"potentialAction\":[{\"@type\":\"SearchAction\",\"target\":{\"@type\":\"EntryPoint\",\"urlTemplate\":\"https:\/\/plotplan.es\/ro\/?s={search_term_string}\"},\"query-input\":{\"@type\":\"PropertyValueSpecification\",\"valueRequired\":true,\"valueName\":\"search_term_string\"}}],\"inLanguage\":\"ro-RO\"}]}<\/script>\n<!-- \/ Yoast SEO plugin. -->","yoast_head_json":{"title":"Domenii de activitate - Plot Plan","description":"En Plot Plan, nos especializamos en diversos \u00e1mbitos de trabajo desde la concepci\u00f3n de ideas hasta la ejecuci\u00f3n de proyectos.","robots":{"index":"index","follow":"follow","max-snippet":"max-snippet:-1","max-image-preview":"max-image-preview:large","max-video-preview":"max-video-preview:-1"},"canonical":"https:\/\/plotplan.es\/ro\/domenii-de-activitate\/","og_locale":"ro_RO","og_type":"article","og_title":"Domenii de activitate - Plot Plan","og_description":"En Plot Plan, nos especializamos en diversos \u00e1mbitos de trabajo desde la concepci\u00f3n de ideas hasta la ejecuci\u00f3n de proyectos.","og_url":"https:\/\/plotplan.es\/ro\/domenii-de-activitate\/","og_site_name":"Plot Plan","article_modified_time":"2024-11-22T10:49:10+00:00","twitter_card":"summary_large_image","twitter_misc":{"Timp estimat pentru citire":"3 minute"},"schema":{"@context":"https:\/\/schema.org","@graph":[{"@type":"WebPage","@id":"https:\/\/plotplan.es\/ro\/domenii-de-activitate\/","url":"https:\/\/plotplan.es\/ro\/domenii-de-activitate\/","name":"Domenii de activitate - Plot Plan","isPartOf":{"@id":"https:\/\/plotplan.es\/ro\/#website"},"datePublished":"2024-10-13T15:30:54+00:00","dateModified":"2024-11-22T10:49:10+00:00","description":"En Plot Plan, nos especializamos en diversos \u00e1mbitos de trabajo desde la concepci\u00f3n de ideas hasta la ejecuci\u00f3n de proyectos.","breadcrumb":{"@id":"https:\/\/plotplan.es\/ro\/domenii-de-activitate\/#breadcrumb"},"inLanguage":"ro-RO","potentialAction":[{"@type":"ReadAction","target":["https:\/\/plotplan.es\/ro\/domenii-de-activitate\/"]}]},{"@type":"BreadcrumbList","@id":"https:\/\/plotplan.es\/ro\/domenii-de-activitate\/#breadcrumb","itemListElement":[{"@type":"ListItem","position":1,"name":"Portada","item":"https:\/\/plotplan.es\/ro\/acasa\/"},{"@type":"ListItem","position":2,"name":"Domenii de activitate"}]},{"@type":"WebSite","@id":"https:\/\/plotplan.es\/ro\/#website","url":"https:\/\/plotplan.es\/ro\/","name":"Plot Plan","description":"","potentialAction":[{"@type":"SearchAction","target":{"@type":"EntryPoint","urlTemplate":"https:\/\/plotplan.es\/ro\/?s={search_term_string}"},"query-input":{"@type":"PropertyValueSpecification","valueRequired":true,"valueName":"search_term_string"}}],"inLanguage":"ro-RO"}]}},"_links":{"self":[{"href":"https:\/\/plotplan.es\/ro\/wp-json\/wp\/v2\/pages\/671"}],"collection":[{"href":"https:\/\/plotplan.es\/ro\/wp-json\/wp\/v2\/pages"}],"about":[{"href":"https:\/\/plotplan.es\/ro\/wp-json\/wp\/v2\/types\/page"}],"author":[{"embeddable":true,"href":"https:\/\/plotplan.es\/ro\/wp-json\/wp\/v2\/users\/1"}],"replies":[{"embeddable":true,"href":"https:\/\/plotplan.es\/ro\/wp-json\/wp\/v2\/comments?post=671"}],"version-history":[{"count":5,"href":"https:\/\/plotplan.es\/ro\/wp-json\/wp\/v2\/pages\/671\/revisions"}],"predecessor-version":[{"id":680,"href":"https:\/\/plotplan.es\/ro\/wp-json\/wp\/v2\/pages\/671\/revisions\/680"}],"wp:attachment":[{"href":"https:\/\/plotplan.es\/ro\/wp-json\/wp\/v2\/media?parent=671"}],"curies":[{"name":"wp","href":"https:\/\/api.w.org\/{rel}","templated":true}]}}